{"id":8357,"date":"2012-08-01T18:23:30","date_gmt":"2012-08-01T18:23:30","guid":{"rendered":"http:\/\/ccjc.ca\/restorative-justice-resources\/"},"modified":"2019-09-09T20:22:11","modified_gmt":"2019-09-10T00:22:11","slug":"ressources-de-justice-reparatrice","status":"publish","type":"page","link":"https:\/\/ccjc.ca\/fr\/ressources-de-justice-reparatrice\/","title":{"rendered":"RESSOURCES DE JUSTICE R\u00c9PARATRICE"},"content":{"rendered":"<p>[et_pb_section fb_built=\u00a0\u00bb1&Prime; fullwidth=\u00a0\u00bbon\u00a0\u00bb _builder_version=\u00a0\u00bb3.0.95&Prime;][et_pb_fullwidth_header title=\u00a0\u00bbRESSOURCES DE JUSTICE R\u00c9PARATRICE\u00a0\u00bb text_orientation=\u00a0\u00bbcenter\u00a0\u00bb admin_label=\u00a0\u00bbRESSOURCES DE JUSTICE R\u00c9PARATRICE\u00a0\u00bb _builder_version=\u00a0\u00bb3.0.106&Prime; title_font=\u00a0\u00bb|600||on|||||\u00a0\u00bb title_text_align=\u00a0\u00bbcenter\u00a0\u00bb title_text_color=\u00a0\u00bb#ffffff\u00a0\u00bb title_line_height=\u00a0\u00bb1.5em\u00a0\u00bb background_color=\u00a0\u00bb#999999&Prime; background_image=\u00a0\u00bbhttp:\/\/ccjc.ca\/wp-content\/uploads\/leafs-dark.jpeg\u00a0\u00bb background_blend=\u00a0\u00bbmultiply\u00a0\u00bb custom_padding=\u00a0\u00bb25px||25px|\u00a0\u00bb][\/et_pb_fullwidth_header][\/et_pb_section][et_pb_section fb_built=\u00a0\u00bb1&Prime; _builder_version=\u00a0\u00bb3.0.47&Prime;][et_pb_row _builder_version=\u00a0\u00bb3.0.47&Prime; background_size=\u00a0\u00bbinitial\u00a0\u00bb background_position=\u00a0\u00bbtop_left\u00a0\u00bb background_repeat=\u00a0\u00bbrepeat\u00a0\u00bb][et_pb_column type=\u00a0\u00bb2_3&Prime; _builder_version=\u00a0\u00bb3.0.47&Prime; parallax=\u00a0\u00bboff\u00a0\u00bb parallax_method=\u00a0\u00bbon\u00a0\u00bb][et_pb_text _builder_version=\u00a0\u00bb3.0.106&Prime;]<\/p>\n<p>Au fil des ans, le CEJC a produit un certain nombre de ressources sur la justice r\u00e9paratrice, souvent en collaboration avec d\u2019autres organismes. Nous continuerons \u00e0 mettre \u00e0 jour cette liste de ressources et accueillons toutes suggestions et contributions.<\/p>\n<h3>Documents du CEJC<\/h3>\n<ul>\n<li><a href=\"..\/..\/wp-content\/uploads\/AJustHeals.pdf\">A Justice that Heals and Restores:<\/a><a href=\"..\/..\/wp-content\/uploads\/AJustHeals.pdf\"> A resource on restorative justice<\/a> (Une justice qui gu\u00e9rit et r\u00e9pare\u00a0: une ressource sur la justice r\u00e9paratrice) (2005)<\/li>\n<li><a href=\"..\/..\/wp-content\/uploads\/RJ-Workshop_faith-communities_2012_EN.pdf\">RJ Workshop<\/a> (Atelier JR)<\/li>\n<li><a href=\"https:\/\/drive.google.com\/file\/d\/1L5bYHp_WwgRqEpTlQtN20fJHdzQhwMWr\/view?usp=sharing\">Bibliography of Resources on Restorative Justice<\/a> (Bibliographie des ressources sur la justice r\u00e9paratrice) (2010)<\/li>\n<li><a href=\"https:\/\/drive.google.com\/file\/d\/16ntA9kXa1W3n4ZPe2mgR7tBaDgbczq7a\/view?usp=sharing\">Prayers and theological reflections\u00a0<\/a>(Pri\u00e8res et r\u00e9flexions th\u00e9ologiques) (2010)<\/li>\n<li><a href=\"https:\/\/drive.google.com\/file\/d\/1JRbTsiAqNJl5RzNeec0XPbMq8Kz7vUCi\/view?usp=sharing\">RJ \u2013 What is it?<\/a> (JR\u2014 De quoi s\u2019agit-il\u2009?)(2009)<\/li>\n<\/ul>\n<h3>Ressources externes<\/h3>\n<ul>\n<li><a href=\"http:\/\/www.adler.edu\/resources\/content\/4\/1\/documents\/RJ_WhitePaper_Final_13_04_29.pdf\">\u00ab\u00a0Restorative Justice:<\/a><a href=\"http:\/\/www.adler.edu\/resources\/content\/4\/1\/documents\/RJ_WhitePaper_Final_13_04_29.pdf\"> A Primer and Exploration of Practice Across Two North American Cities\u00a0\u00bb (La justice r\u00e9paratrice\u00a0: une introduction et une exploration des pratiques dans deux villes d\u2019Am\u00e9rique du Nord) par Adler School Institute on Public Safety and Social Justice, et Illinois Coalition for Immigrant and Refugee Rights (2012)<\/a><\/li>\n<li>\u00ab\u00a0<a href=\"http:\/\/www.cjibc.org\/walking_the_talk\">Walking the Talk:<\/a><a href=\"http:\/\/www.cjibc.org\/walking_the_talk\"> Developing Ethics Frameworks for the Practice of Restorative Justice<\/a>\u00bb (Joindre le geste \u00e0 la parole\u00a0: l\u2019\u00e9laboration de cadres d\u2019\u00e9thique pour la pratique de la justice r\u00e9paratrice) de Susan Sharpe, Community Justice Initiatives Association (2011)<\/li>\n<li>\u00ab\u00a0<a href=\"http:\/\/www.mennonitechurch.ca\/resourcecentre\/ResourceView\/2\/13292\">Being changed in the sharing:<\/a><a href=\"http:\/\/www.mennonitechurch.ca\/resourcecentre\/ResourceView\/2\/13292\"> The power of story and restorative justice<\/a>\u2009\u00bb (Le changement par le partage\u00a0: le pouvoir du r\u00e9cit et de la justice r\u00e9paratrice) de Lisa Smith et Merdeith Egan, CCM du Canada (2010)<\/li>\n<li>\u00ab\u2009The Shape of Things to Come: A Framework for thinking about a restorative justice system\u2009\u00bb (Les orientations futures\u00a0: un cadre de r\u00e9flexion sur le syst\u00e8me de justice r\u00e9paratrice) Daniel Van Ness (2000)<\/li>\n<\/ul>\n<h3>Organismes canadiens<\/h3>\n<ul>\n<li><u>The Centre for Restorative Justice<\/u>, Burnaby (Colombie-Britannique)<\/li>\n<li><a href=\"http:\/\/www.cjiwr.com\/\">Community Justice Initiative<\/a>, Kitchener (Ontario)<\/li>\n<li><a href=\"http:\/\/www.cjibc.org\/home\">Community Justice Initiatives Association<\/a>, r\u00e9gion de Fraser (Colombie-Britannique)<\/li>\n<li>Service correctionnel du Canada \u2013\u00a0<a href=\"http:\/\/www.csc-scc.gc.ca\/justice-reparatrice\/index-fra.shtml\">La justice r\u00e9paratrice<\/a><\/li>\n<li><a href=\"http:\/\/rjnetmanitoba.blogspot.com\/\">Manitoba Restorative Justice Network<\/a><\/li>\n<li><a href=\"http:\/\/www.mrjc.ca\/\">Mediation and Restorative Justice Centre<\/a>, Edmonton (Alberta)<\/li>\n<li><a href=\"http:\/\/orjn.org\/\">R\u00e9seau de justice r\u00e9paratrice d\u2019Ottawa<\/a><\/li>\n<li><a href=\"http:\/\/www.rjbc.ca\/\">Restorative Justice in British Colombia<\/a><\/li>\n<\/ul>\n<h3>Organismes internationaux<\/h3>\n<ul>\n<li><a href=\"http:\/\/www.euforumrj.org\/\">European Forum for Restorative Justice<\/a><\/li>\n<li><a href=\"http:\/\/www.realjustice.org\/\">Real Justice<\/a>, International Institute for Restorative Practices<\/li>\n<li><a href=\"http:\/\/emu.edu\/now\/restorative-justice\/\">Restorative Justice Blog<\/a>, Howard Zehr<\/li>\n<li><a href=\"http:\/\/www.restorativejustice.org\/\">Restorative Justice Online<\/a>, Prison Fellowship International, Washington, D.C.<\/li>\n<\/ul>\n<p>[\/et_pb_text][\/et_pb_column][et_pb_column type=\u00a0\u00bb1_3&Prime; _builder_version=\u00a0\u00bb3.0.47&Prime; parallax=\u00a0\u00bboff\u00a0\u00bb parallax_method=\u00a0\u00bbon\u00a0\u00bb][et_pb_image src=\u00a0\u00bbhttp:\/\/ccjc.ca\/wp-content\/uploads\/justice-hammer.jpeg\u00a0\u00bb _builder_version=\u00a0\u00bb3.0.98&Prime; border_radii=\u00a0\u00bb|10px|0px|10px|0px\u00a0\u00bb box_shadow_style=\u00a0\u00bbpreset3&Prime;][\/et_pb_image][\/et_pb_column][\/et_pb_row][\/et_pb_section]<\/p>\n<span class=\"et_bloom_bottom_trigger\"><\/span>","protected":false},"excerpt":{"rendered":"<p>Au fil des ans, le CEJC a produit un certain nombre de ressources sur la justice r\u00e9paratrice, souvent en collaboration avec d\u2019autres organismes. Nous continuerons \u00e0 mettre \u00e0 jour cette liste de ressources et accueillons toutes suggestions et contributions. Documents du CEJC A Justice that Heals and Restores: A resource on restorative justice (Une justice [&hellip;]<\/p>\n","protected":false},"author":4,"featured_media":0,"parent":0,"menu_order":0,"comment_status":"open","ping_status":"open","template":"","meta":{"_et_pb_use_builder":"on","_et_pb_old_content":"<p>\u00a0<\/p><p>Over the years, CCJC has produced a number of resources on Restorative Justice, often in collaboration with other organizations. We will continue to be up-dating this resource list and welcome suggestions and contributions.<\/p><h3>CCJC material<\/h3><ul><li><a href=\"http:\/\/ccjc.ca\/wp-content\/uploads\/2014\/09\/AJustHeals.pdf\"> A Justice that Heals and Restores: A resource on restorative justice<\/a> (2005)<\/li><li><a href=\"http:\/\/ccjc.ca\/wp-content\/uploads\/2012\/10\/RJ-Workshop_faith-communities_2012_EN.pdf\">RJ Workshop<\/a><\/li><li><a href=\"http:\/\/ccjc.ca\/wp-content\/uploads\/2011\/05\/Final-English-Long-Bibliography-2010.pdf\" target=\"blank\">Bibliography of Resources on Restorative Justice<\/a> (2010)<\/li><li><a href=\"http:\/\/ccjc.ca\/wp-content\/uploads\/2011\/05\/FINAL-English-Universal-Prayers.pdf\" target=\"blank\">Prayers and theological reflections<\/a> (2010)<\/li><li><a href=\"http:\/\/ccjc.ca\/wp-content\/uploads\/2011\/05\/What_Is_It-E.pdf\">RJ \u2013 What is it?<\/a> (2009)<\/li><\/ul><h3>External Resources<\/h3><ul class=\"decorated\"><li><a href=\"http:\/\/www.adler.edu\/resources\/content\/4\/1\/documents\/RJ_WhitePaper_Final_13_04_29.pdf\">\"Restorative Justice: A Primer and Exploration of Practice Across Two North American Cities\" by the Adler School Institute on Public Safety and Social Justice, and the Illinois Coalition for Immigrant and Refugee Rights (2012)<\/a><\/li><li>\u201c<a href=\"http:\/\/www.cjibc.org\/walking_the_talk\" target=\"_blank\" rel=\"noopener\">Walking the Talk: Developing Ethics Frameworks for the Practice of Restorative Justice<\/a>\u201d by Susan Sharpe, Community Justice Initiatives Association (2011)<\/li><li>\u201c<a href=\"http:\/\/www.mennonitechurch.ca\/resourcecentre\/ResourceView\/2\/13292\" target=\"_blank\" rel=\"noopener\">Being changed in the sharing: The power of story and restorative justice<\/a>\u201d by Lisa Smith and Merdeith Egan, MCC Canada (2010)<\/li><li>\u201c<a href=\"http:\/\/www.icclr.law.ubc.ca\/Publications\/2008\/Book%20on%20Community%20Corrections\/07%20Randy%20Munro%20Nanaimo%20Restorative%20Justice.pdf\" target=\"_blank\" rel=\"noopener\">Nanaimo Restorative Justice Program<\/a>\u201d International Centre for Criminal Law Reform and Criminal Justice Policy (2006)<\/li><li>\u201c<a href=\"http:\/\/www.justice.gc.ca\/eng\/pi\/pcvi-cpcv\/cons.html\" target=\"_blank\" rel=\"noopener\">Restorative Justice in Canada: A Consultation Paper<\/a>\u201d Department of Justice (2000)<\/li><li>\u201c<a href=\"http:\/\/ccjc.ca\/wp-content\/uploads\/2011\/05\/2000_VanNess_ShapeofThingstoCome.pdf\" target=\"_blank\" rel=\"noopener\">The Shape of Things to Come: A Framework for thinking about a restorative justice system<\/a>\u201d Daniel Van Ness (2000)<\/li><\/ul><h3>Organizations in Canada<\/h3><ul class=\"decorated\"><li><a href=\"http:\/\/www.sfu.ca\/cfrj\/\" target=\"_blank\" rel=\"noopener\">The Centre for Restorative Justice<\/a>, Burnaby, BC<\/li><li><a href=\"http:\/\/www.fraserburrard.org\/index.asp\" target=\"_blank\" rel=\"noopener\">CERA<\/a> \u2013 Communities Embracing Restorative Action, Coquitlam, BC<\/li><li><a href=\"http:\/\/www.cjiwr.com\" target=\"_blank\" rel=\"noopener\">Community Justice Initiative<\/a>, Kitchener, ON<\/li><li><a href=\"http:\/\/www.cjibc.org\/home\" target=\"_blank\" rel=\"noopener\">Community Justice Initiatives Association<\/a>, Fraser Region, BC<\/li><li>Correctional Services of Canada \u2013 <a href=\"http:\/\/www.csc-scc.gc.ca\/text\/rj\/index-eng.shtml\" target=\"_blank\" rel=\"noopener\">Restorative Justice<\/a><\/li><li><a href=\"http:\/\/rjnetmanitoba.blogspot.com\/\" target=\"_blank\" rel=\"noopener\">Manitoba Restorative Justice Network<\/a><\/li><li><a href=\"http:\/\/www.mrjc.ca\/\" target=\"_blank\" rel=\"noopener\">Mediation and Restorative Justice Centre<\/a>, Edmonton, AB<\/li><li><a href=\"http:\/\/orjn.org\" target=\"_blank\" rel=\"noopener\">Ottawa Restorative Justice Network<\/a><\/li><li><a href=\"http:\/\/www.restorativejustice.ca\/\" target=\"_blank\" rel=\"noopener\">Restorative Justice Hamilton<\/a><\/li><li><a href=\"http:\/\/www.rjbc.ca\" target=\"_blank\" rel=\"noopener\">Restorative Justice in British Colombia <\/a><\/li><\/ul><h3>International Organizations<\/h3><ul class=\"decorated\"><li><a href=\"http:\/\/www.euforumrj.org\/\" target=\"_blank\" rel=\"noopener\">European Forum for Restorative Justice<\/a><\/li><li><a href=\"http:\/\/www.realjustice.org\/\" target=\"_blank\" rel=\"noopener\">Real Justice<\/a>, International Institute for Restorative Practices<\/li><li><a href=\"http:\/\/emu.edu\/now\/restorative-justice\/\" target=\"_blank\" rel=\"noopener\">Restorative Justice Blog<\/a>, Howard Zehr<\/li><li><a href=\"http:\/\/www.restorativejustice.org\/\" target=\"_blank\" rel=\"noopener\">Restorative Justice Online<\/a>, Prison Fellowship International, Washington DC<\/li><\/ul><p>\u00a0<\/p><p>\u00a0<\/p>","_et_gb_content_width":"","footnotes":""},"class_list":["post-8357","page","type-page","status-publish","hentry"],"_links":{"self":[{"href":"https:\/\/ccjc.ca\/fr\/wp-json\/wp\/v2\/pages\/8357","targetHints":{"allow":["GET"]}}],"collection":[{"href":"https:\/\/ccjc.ca\/fr\/wp-json\/wp\/v2\/pages"}],"about":[{"href":"https:\/\/ccjc.ca\/fr\/wp-json\/wp\/v2\/types\/page"}],"author":[{"embeddable":true,"href":"https:\/\/ccjc.ca\/fr\/wp-json\/wp\/v2\/users\/4"}],"replies":[{"embeddable":true,"href":"https:\/\/ccjc.ca\/fr\/wp-json\/wp\/v2\/comments?post=8357"}],"version-history":[{"count":3,"href":"https:\/\/ccjc.ca\/fr\/wp-json\/wp\/v2\/pages\/8357\/revisions"}],"predecessor-version":[{"id":9589,"href":"https:\/\/ccjc.ca\/fr\/wp-json\/wp\/v2\/pages\/8357\/revisions\/9589"}],"wp:attachment":[{"href":"https:\/\/ccjc.ca\/fr\/wp-json\/wp\/v2\/media?parent=8357"}],"curies":[{"name":"wp","href":"https:\/\/api.w.org\/{rel}","templated":true}]}}