{"id":8346,"date":"2011-02-18T16:17:48","date_gmt":"2011-02-18T20:17:48","guid":{"rendered":"http:\/\/ccjc.ca\/public-policy-3\/"},"modified":"2019-09-09T20:22:06","modified_gmt":"2019-09-10T00:22:06","slug":"politiques-publiques","status":"publish","type":"page","link":"https:\/\/ccjc.ca\/fr\/politiques-publiques\/","title":{"rendered":"POLITIQUES PUBLIQUES"},"content":{"rendered":"<p>[et_pb_section bb_built=\u00a0\u00bb1&Prime; fullwidth=\u00a0\u00bbon\u00a0\u00bb _builder_version=\u00a0\u00bb3.0.95&Prime; next_background_color=\u00a0\u00bb#000000&Prime;][et_pb_fullwidth_header admin_label=\u00a0\u00bbPOLITIQUES PUBLIQUES\u00a0\u00bb title=\u00a0\u00bbPOLITIQUES PUBLIQUES\u00a0\u00bb text_orientation=\u00a0\u00bbcenter\u00a0\u00bb _builder_version=\u00a0\u00bb3.0.106&Prime; title_font=\u00a0\u00bb|600||on|||||\u00a0\u00bb title_text_align=\u00a0\u00bbcenter\u00a0\u00bb title_text_color=\u00a0\u00bb#ffffff\u00a0\u00bb title_line_height=\u00a0\u00bb1.5em\u00a0\u00bb background_color=\u00a0\u00bb#999999&Prime; background_image=\u00a0\u00bbhttp:\/\/ccjc.ca\/wp-content\/uploads\/leafs-dark.jpeg\u00a0\u00bb background_blend=\u00a0\u00bbmultiply\u00a0\u00bb custom_padding=\u00a0\u00bb25px||25px|\u00a0\u00bb header_fullscreen=\u00a0\u00bboff\u00a0\u00bb header_scroll_down=\u00a0\u00bboff\u00a0\u00bb image_orientation=\u00a0\u00bbcenter\u00a0\u00bb background_layout=\u00a0\u00bblight\u00a0\u00bb content_orientation=\u00a0\u00bbcenter\u00a0\u00bb custom_button_two=\u00a0\u00bboff\u00a0\u00bb button_two_icon_placement=\u00a0\u00bbright\u00a0\u00bb custom_button_one=\u00a0\u00bboff\u00a0\u00bb button_one_icon_placement=\u00a0\u00bbright\u00a0\u00bb \/][\/et_pb_section][et_pb_section bb_built=\u00a0\u00bb1&Prime; _builder_version=\u00a0\u00bb3.0.47&Prime; prev_background_color=\u00a0\u00bb#000000&Prime;][et_pb_row _builder_version=\u00a0\u00bb3.0.47&Prime; background_size=\u00a0\u00bbinitial\u00a0\u00bb background_position=\u00a0\u00bbtop_left\u00a0\u00bb background_repeat=\u00a0\u00bbrepeat\u00a0\u00bb][et_pb_column type=\u00a0\u00bb2_3&Prime;][et_pb_text _builder_version=\u00a0\u00bb3.0.106&Prime; background_size=\u00a0\u00bbinitial\u00a0\u00bb background_position=\u00a0\u00bbtop_left\u00a0\u00bb background_repeat=\u00a0\u00bbrepeat\u00a0\u00bb background_layout=\u00a0\u00bblight\u00a0\u00bb]<\/p>\n<p>Le Conseil des \u00e9glises pour la justice et la criminologie a un r\u00f4le de consultation en mati\u00e8re de politiques publiques dans le cadre de son mandat visant \u00e0 lever le voile sur les m\u00e9thodes r\u00e9paratrices de la justice et du syst\u00e8me correctionnel. Ce travail de consultation refl\u00e8te nos valeurs\u00a0: justice, gu\u00e9rison, amour, mis\u00e9ricorde, pardon, paix, compassion, dignit\u00e9, \u00e9quit\u00e9, confiance et non-violence. Nous agissons de concert avec nos intervenants et nos \u00e9glises membres, mais comme nous sommes un conseil ind\u00e9pendant et \u0153cum\u00e9nique, les observations du CEJC ne repr\u00e9sentent pas n\u00e9cessairement les points de vue de l\u2019ensemble de nos membres.<\/p>\n<p><a href=\"http:\/\/ccjc.ca\/undrip\/\">Projet de loi\u00a0C-262 \u00e9manant d\u2019un d\u00e9put\u00e9 (l\u2019application de la DNUDPA)<\/a><\/p>\n<p><a href=\"https:\/\/drive.google.com\/file\/d\/1_Y_x8mWL7fiEF-LGx4uGbSoe9GiWYmei\/view?usp=sharing\">Consultation avec les collectivit\u00e9s autochtones \u2014 Appel \u00e0 l\u2019action\u00a031 de la CVR<\/a><\/p>\n<p><a href=\"https:\/\/drive.google.com\/file\/d\/1PDZrlb7G8QSTXBLCNxhDBywSopLYN7AS\/view?usp=sharing\">Projet de loi\u00a0C-51 du Comit\u00e9 permanent de la Chambre des communes sur la justice et les droits de la personne<\/a><\/p>\n<p><a href=\"http:\/\/ccjc.ca\/trc-calls-to-action\">Les restrictions budg\u00e9taires du Service correctionnel du Canada pour la semaine de JR<\/a><\/p>\n<p><a href=\"http:\/\/ccjc.ca\/trc-calls-to-action\/\">Commission de v\u00e9rit\u00e9 et r\u00e9conciliation du Canada\u00a0:<\/a><a href=\"http:\/\/ccjc.ca\/trc-calls-to-action\/\"> appel \u00e0 l\u2019action<\/a><\/p>\n<p><a href=\"https:\/\/drive.google.com\/file\/d\/1w3SBk8apk5pF1hHOLz4-MO4iYoQgQIua\/view?usp=sharing\">Projet de loi\u00a0C-53, la Loi sur les peines de prison \u00e0 vie purg\u00e9es en entier<\/a><\/p>\n<p><a href=\"http:\/\/ccjc.ca\/?page_id=603\">Feuillets d\u2019informations sur les \u00e9lections de 2011<\/a><\/p>\n<p><a href=\"http:\/\/ccjc.ca\/?page_id=605\">Feuillets d\u2019informations sur les \u00e9lections f\u00e9d\u00e9rales de 2008<\/a><\/p>\n<p>Soumission de la commission d\u2019examen du SCC<\/p>\n<p><a href=\"https:\/\/www.scribd.com\/document\/49104210\/CCJC-s-brief-to-the-Senate-Committee-on-Tackling-Violent-Crime-Act\">Loi sur la lutte contre les crimes violents<\/a><\/p>\n<p><a href=\"https:\/\/drive.google.com\/file\/d\/1fANU1ysVNcRgq1UfBkd6Ic_lklBLJrac\/view?usp=sharing\">Contr\u00f4le de la l\u00e9gislation \u2014 Projet de loi\u00a0C-10<\/a><\/p>\n<p><a href=\"https:\/\/www.scribd.com\/document\/49106006\/CCJC-s-Brief-on-the-amendments-to-YCJA-in-2007\">Dossier du CEJC sur les modifications \u00e0 la LSJPA\u00a02007<\/a><\/p>\n<p><a href=\"https:\/\/www.scribd.com\/document\/49105701\/Justice-Canada-Youth-Consultation-YCJA\">Consultations de la jeunesse \u2014 Justice Canada (LSJPA)<\/a><\/p>\n<p><a href=\"https:\/\/drive.google.com\/file\/d\/1jVW8Ao5dvHiIXBJA8dr7PJ0V8OdrDzaF\/view?usp=sharing\">R\u00e9habilitations<\/a><\/p>\n<p><a href=\"https:\/\/www.scribd.com\/document\/49104210\/CCJC-s-brief-to-the-Senate-Committee-on-Tackling-Violent-Crime-Act\">Peine de mort<\/a><\/p>\n<p>Une partie du mandat du CEJC consiste \u00e0 investir dans des politiques qui peuvent r\u00e9pondre efficacement aux besoins des victimes et contribuer \u00e0 r\u00e9duire la criminalit\u00e9 et la r\u00e9cidive. Il existe maintenant de nombreuses preuves qui d\u00e9montrent que l\u2019augmentation de l\u2019incarc\u00e9ration n\u2019est pas une solution. Cela entra\u00eene des co\u00fbts lors de la construction des prisons, devenant un fardeau financier pour les provinces. Cela signifie aussi que l\u2019argent des contribuables n\u2019est pas disponible pour d\u2019autres programmes et services qui sont plus efficaces pour les Canadiens ou pour la pr\u00e9vention du crime.<\/p>\n<p>&nbsp;<\/p>\n<p><!--:--><\/p>\n<p>[\/et_pb_text][\/et_pb_column][et_pb_column type=\u00a0\u00bb1_3&Prime;][et_pb_image src=\u00a0\u00bbhttp:\/\/ccjc.ca\/wp-content\/uploads\/justice-hammer.jpeg\u00a0\u00bb _builder_version=\u00a0\u00bb3.0.98&Prime; border_radii=\u00a0\u00bb|10px|0px|10px|0px\u00a0\u00bb box_shadow_style=\u00a0\u00bbpreset3&Prime;]<br \/>\n[\/et_pb_image][\/et_pb_column][\/et_pb_row][\/et_pb_section]<\/p>\n<span class=\"et_bloom_bottom_trigger\"><\/span>","protected":false},"excerpt":{"rendered":"<p>Le Conseil des \u00e9glises pour la justice et la criminologie a un r\u00f4le de consultation en mati\u00e8re de politiques publiques dans le cadre de son mandat visant \u00e0 lever le voile sur les m\u00e9thodes r\u00e9paratrices de la justice et du syst\u00e8me correctionnel. Ce travail de consultation refl\u00e8te nos valeurs\u00a0: justice, gu\u00e9rison, amour, mis\u00e9ricorde, pardon, paix, [&hellip;]<\/p>\n","protected":false},"author":4,"featured_media":0,"parent":0,"menu_order":4,"comment_status":"open","ping_status":"closed","template":"","meta":{"_et_pb_use_builder":"on","_et_pb_old_content":"<p><!--:en--><a href=\"http:\/\/ccjc.ca\/?page_id=603\">Election Fact Sheets<\/a>:\u00a0It is crucial that we invest in policies that can effectively address victims\u2019 needs and help reduce crime and re-offending. There is now a strong body of evidence that increasing incarceration does not do that. It also incurs costs in prison construction, including financial burdens on the provinces, which take away tax dollars from other programs and services proven to be of more value for all Canadians as well as for crime prevention.<\/p><p><a href=\"http:\/\/ccjc.ca\/?page_id=605\">2008 Federal Election Fact Sheets<\/a><\/p><p><a href=\"http:\/\/ccjc.ca\/?page_id=703\">CSC Review Panel Submission<\/a><\/p><p><a href=\"http:\/\/ccjc.ca\/?page_id=738\">The Death Penalty<\/a><\/p><p><a href=\"http:\/\/ccjc.ca\/?page_id=709\">Tackling Violent Crime Act<\/a><\/p><p><a href=\"CCJC and Youth Justice\">CCJC and Youth Justice<\/a><!--:--><\/p>","_et_gb_content_width":"","footnotes":""},"class_list":["post-8346","page","type-page","status-publish","hentry"],"_links":{"self":[{"href":"https:\/\/ccjc.ca\/fr\/wp-json\/wp\/v2\/pages\/8346","targetHints":{"allow":["GET"]}}],"collection":[{"href":"https:\/\/ccjc.ca\/fr\/wp-json\/wp\/v2\/pages"}],"about":[{"href":"https:\/\/ccjc.ca\/fr\/wp-json\/wp\/v2\/types\/page"}],"author":[{"embeddable":true,"href":"https:\/\/ccjc.ca\/fr\/wp-json\/wp\/v2\/users\/4"}],"replies":[{"embeddable":true,"href":"https:\/\/ccjc.ca\/fr\/wp-json\/wp\/v2\/comments?post=8346"}],"version-history":[{"count":3,"href":"https:\/\/ccjc.ca\/fr\/wp-json\/wp\/v2\/pages\/8346\/revisions"}],"predecessor-version":[{"id":9534,"href":"https:\/\/ccjc.ca\/fr\/wp-json\/wp\/v2\/pages\/8346\/revisions\/9534"}],"wp:attachment":[{"href":"https:\/\/ccjc.ca\/fr\/wp-json\/wp\/v2\/media?parent=8346"}],"curies":[{"name":"wp","href":"https:\/\/api.w.org\/{rel}","templated":true}]}}