{"id":8331,"date":"2010-11-18T16:45:18","date_gmt":"2010-11-18T16:45:18","guid":{"rendered":"http:\/\/ccjc.ca\/member-denominations\/"},"modified":"2020-02-24T11:51:31","modified_gmt":"2020-02-24T15:51:31","slug":"eglises-membres","status":"publish","type":"page","link":"https:\/\/ccjc.ca\/fr\/eglises-membres\/","title":{"rendered":"\u00c9GLISES MEMBRES"},"content":{"rendered":"<p>[et_pb_section fb_built=\u00a0\u00bb1&Prime; fullwidth=\u00a0\u00bbon\u00a0\u00bb _builder_version=\u00a0\u00bb3.22&Prime;][et_pb_fullwidth_header title=\u00a0\u00bb\u00c9GLISES MEMBRES\u00a0\u00bb text_orientation=\u00a0\u00bbcenter\u00a0\u00bb admin_label=\u00a0\u00bb\u00c9GLISES MEMBRES\u00a0\u00bb _builder_version=\u00a0\u00bb3.16&Prime; title_font=\u00a0\u00bb|600||on|||||\u00a0\u00bb title_text_align=\u00a0\u00bbcenter\u00a0\u00bb title_text_color=\u00a0\u00bb#ffffff\u00a0\u00bb title_line_height=\u00a0\u00bb1.5em\u00a0\u00bb background_color=\u00a0\u00bb#999999&Prime; background_image=\u00a0\u00bbhttp:\/\/ccjc.ca\/wp-content\/uploads\/leafs-dark.jpeg\u00a0\u00bb background_blend=\u00a0\u00bbmultiply\u00a0\u00bb background_layout=\u00a0\u00bblight\u00a0\u00bb custom_padding=\u00a0\u00bb25px||25px|\u00a0\u00bb button_one_text_size__hover_enabled=\u00a0\u00bboff\u00a0\u00bb button_two_text_size__hover_enabled=\u00a0\u00bboff\u00a0\u00bb button_one_text_color__hover_enabled=\u00a0\u00bboff\u00a0\u00bb button_two_text_color__hover_enabled=\u00a0\u00bboff\u00a0\u00bb button_one_border_width__hover_enabled=\u00a0\u00bboff\u00a0\u00bb button_two_border_width__hover_enabled=\u00a0\u00bboff\u00a0\u00bb button_one_border_color__hover_enabled=\u00a0\u00bboff\u00a0\u00bb button_two_border_color__hover_enabled=\u00a0\u00bboff\u00a0\u00bb button_one_border_radius__hover_enabled=\u00a0\u00bboff\u00a0\u00bb button_two_border_radius__hover_enabled=\u00a0\u00bboff\u00a0\u00bb button_one_letter_spacing__hover_enabled=\u00a0\u00bboff\u00a0\u00bb button_two_letter_spacing__hover_enabled=\u00a0\u00bboff\u00a0\u00bb button_one_bg_color__hover_enabled=\u00a0\u00bboff\u00a0\u00bb button_two_bg_color__hover_enabled=\u00a0\u00bboff\u00a0\u00bb][\/et_pb_fullwidth_header][\/et_pb_section][et_pb_section fb_built=\u00a0\u00bb1&Prime; _builder_version=\u00a0\u00bb3.22&Prime; custom_margin=\u00a0\u00bb||50px|\u00a0\u00bb][et_pb_row _builder_version=\u00a0\u00bb3.25&Prime; background_size=\u00a0\u00bbinitial\u00a0\u00bb background_position=\u00a0\u00bbtop_left\u00a0\u00bb background_repeat=\u00a0\u00bbrepeat\u00a0\u00bb][et_pb_column type=\u00a0\u00bb4_4&Prime; _builder_version=\u00a0\u00bb3.25&Prime; custom_padding=\u00a0\u00bb|||\u00a0\u00bb custom_padding__hover=\u00a0\u00bb|||\u00a0\u00bb][et_pb_text ul_type=\u00a0\u00bbsquare\u00a0\u00bb ul_position=\u00a0\u00bbinside\u00a0\u00bb ul_item_indent=\u00a0\u00bb30px\u00a0\u00bb _builder_version=\u00a0\u00bb4.3.3&Prime; ul_font=\u00a0\u00bb|600|||||||\u00a0\u00bb background_size=\u00a0\u00bbinitial\u00a0\u00bb background_position=\u00a0\u00bbtop_left\u00a0\u00bb background_repeat=\u00a0\u00bbrepeat\u00a0\u00bb hover_enabled=\u00a0\u00bb0&Prime;]<\/p>\n<p>Le Conseil canadien des \u00c9glises et la Conf\u00e9rence des \u00e9v\u00eaques catholiques du Canada ont cofond\u00e9 le Conseil des \u00e9glises pour la justice et la criminologie en 1972. Le CEJC a \u00e9t\u00e9 \u00e9tabli pour rassembler les confessions afin de promouvoir une perspective religieuse de la justice. \u00a0 La plupart de nos confessions s\u2019impliquent \u00e9galement activement dans le domaine de la justice. Nos six \u00e9glises membres ci-dessous nomment la majorit\u00e9 des membres du conseil.<\/p>\n<p>[\/et_pb_text][\/et_pb_column][\/et_pb_row][et_pb_row _builder_version=\u00a0\u00bb3.25&Prime; background_size=\u00a0\u00bbinitial\u00a0\u00bb background_position=\u00a0\u00bbtop_left\u00a0\u00bb background_repeat=\u00a0\u00bbrepeat\u00a0\u00bb custom_margin=\u00a0\u00bb20px||0px|\u00a0\u00bb custom_padding=\u00a0\u00bb0px||20px|\u00a0\u00bb column_structure=\u00a0\u00bb1_3,2_3&Prime;][et_pb_column type=\u00a0\u00bb1_3&Prime; _builder_version=\u00a0\u00bb3.25&Prime; custom_padding=\u00a0\u00bb|||\u00a0\u00bb custom_padding__hover=\u00a0\u00bb|||\u00a0\u00bb][et_pb_image src=\u00a0\u00bbhttp:\/\/ccjc.ca\/wp-content\/uploads\/Anglican-Church-of-Canada-Logo.png\u00a0\u00bb show_bottom_space=\u00a0\u00bboff\u00a0\u00bb align_tablet=\u00a0\u00bbcenter\u00a0\u00bb align_last_edited=\u00a0\u00bbon|desktop\u00a0\u00bb _builder_version=\u00a0\u00bb3.23&Prime; animation_style=\u00a0\u00bbfade\u00a0\u00bb border_radii=\u00a0\u00bbon|15px|15px|15px|15px\u00a0\u00bb border_color_bottom=\u00a0\u00bb#b5c594&Prime;][\/et_pb_image][\/et_pb_column][et_pb_column type=\u00a0\u00bb2_3&Prime; _builder_version=\u00a0\u00bb3.25&Prime; custom_padding=\u00a0\u00bb|||\u00a0\u00bb custom_padding__hover=\u00a0\u00bb|||\u00a0\u00bb][et_pb_text ul_type=\u00a0\u00bbsquare\u00a0\u00bb ul_position=\u00a0\u00bbinside\u00a0\u00bb ul_item_indent=\u00a0\u00bb30px\u00a0\u00bb admin_label=\u00a0\u00bbL\u2019\u00c9glise anglicane du Canada\u00a0\u00bb _builder_version=\u00a0\u00bb3.27.4&Prime; ul_font=\u00a0\u00bb|600|||||||\u00a0\u00bb header_2_line_height=\u00a0\u00bb2em\u00a0\u00bb background_size=\u00a0\u00bbinitial\u00a0\u00bb background_position=\u00a0\u00bbtop_left\u00a0\u00bb background_repeat=\u00a0\u00bbrepeat\u00a0\u00bb custom_margin=\u00a0\u00bb||0px|\u00a0\u00bb custom_padding=\u00a0\u00bb||0px|\u00a0\u00bb border_color_all=\u00a0\u00bb#e09900&Prime; border_width_top=\u00a0\u00bb5px\u00a0\u00bb border_color_top=\u00a0\u00bb#999999&Prime;]<\/p>\n<h2><a href=\"http:\/\/www.anglican.ca\/index.htm\" target=\"_blank\" rel=\"noopener noreferrer\">L\u2019\u00c9glise anglicane du Canada<\/a><\/h2>\n<p>Pour obtenir plus d\u2019informations sur la participation de l\u2019EAC dans la justice sociale, <a href=\"http:\/\/www.anglican.ca\/relationships\/\">cliquez ici<\/a>.<br \/>\n[\/et_pb_text][\/et_pb_column][\/et_pb_row][et_pb_row _builder_version=\u00a0\u00bb3.25&Prime; background_size=\u00a0\u00bbinitial\u00a0\u00bb background_position=\u00a0\u00bbtop_left\u00a0\u00bb background_repeat=\u00a0\u00bbrepeat\u00a0\u00bb custom_margin=\u00a0\u00bb20px||0px|\u00a0\u00bb custom_padding=\u00a0\u00bb0px||20px|\u00a0\u00bb column_structure=\u00a0\u00bb1_3,2_3&Prime;][et_pb_column type=\u00a0\u00bb1_3&Prime; _builder_version=\u00a0\u00bb3.25&Prime; custom_padding=\u00a0\u00bb|||\u00a0\u00bb custom_padding__hover=\u00a0\u00bb|||\u00a0\u00bb][et_pb_image src=\u00a0\u00bbhttp:\/\/ccjc.ca\/wp-content\/uploads\/Baptist-Convention-of-Ontario-Quebec-Logo.png\u00a0\u00bb show_bottom_space=\u00a0\u00bboff\u00a0\u00bb align=\u00a0\u00bbcenter\u00a0\u00bb force_fullwidth=\u00a0\u00bbon\u00a0\u00bb align_tablet=\u00a0\u00bbcenter\u00a0\u00bb align_last_edited=\u00a0\u00bbon|desktop\u00a0\u00bb _builder_version=\u00a0\u00bb3.23&Prime; animation_style=\u00a0\u00bbfade\u00a0\u00bb border_radii=\u00a0\u00bbon|15px|15px|15px|15px\u00a0\u00bb border_color_bottom=\u00a0\u00bb#b5c594&Prime;][\/et_pb_image][\/et_pb_column][et_pb_column type=\u00a0\u00bb2_3&Prime; _builder_version=\u00a0\u00bb3.25&Prime; custom_padding=\u00a0\u00bb|||\u00a0\u00bb custom_padding__hover=\u00a0\u00bb|||\u00a0\u00bb][et_pb_text ul_type=\u00a0\u00bbsquare\u00a0\u00bb ul_position=\u00a0\u00bbinside\u00a0\u00bb ul_item_indent=\u00a0\u00bb30px\u00a0\u00bb admin_label=\u00a0\u00bbLa Convention baptiste de l\u2019Ontario et du Qu\u00e9bec\u00a0\u00bb _builder_version=\u00a0\u00bb3.27.4&Prime; ul_font=\u00a0\u00bb|600|||||||\u00a0\u00bb header_2_line_height=\u00a0\u00bb2em\u00a0\u00bb background_size=\u00a0\u00bbinitial\u00a0\u00bb background_position=\u00a0\u00bbtop_left\u00a0\u00bb background_repeat=\u00a0\u00bbrepeat\u00a0\u00bb border_width_top=\u00a0\u00bb5px\u00a0\u00bb border_color_top=\u00a0\u00bb#999999&Prime;]<\/p>\n<h2><a href=\"http:\/\/www.baptist.ca\/\" target=\"_blank\" rel=\"noopener noreferrer\">La Convention baptiste de l\u2019Ontario et du Qu\u00e9bec<\/a><\/h2>\n<p>Pour obtenir plus d\u2019informations sur la participation des baptistes dans la justice sociale, cliquez ici.<br \/>\n[\/et_pb_text][\/et_pb_column][\/et_pb_row][et_pb_row _builder_version=\u00a0\u00bb3.25&Prime; background_size=\u00a0\u00bbinitial\u00a0\u00bb background_position=\u00a0\u00bbtop_left\u00a0\u00bb background_repeat=\u00a0\u00bbrepeat\u00a0\u00bb custom_margin=\u00a0\u00bb20px||0px|\u00a0\u00bb custom_padding=\u00a0\u00bb0px||20px|\u00a0\u00bb column_structure=\u00a0\u00bb1_3,2_3&Prime;][et_pb_column type=\u00a0\u00bb1_3&Prime; _builder_version=\u00a0\u00bb3.25&Prime; custom_padding=\u00a0\u00bb|||\u00a0\u00bb custom_padding__hover=\u00a0\u00bb|||\u00a0\u00bb][et_pb_image src=\u00a0\u00bbhttp:\/\/ccjc.ca\/wp-content\/uploads\/Canadian-Conference-of-Catholic-Bishops-Logo.jpeg\u00a0\u00bb show_bottom_space=\u00a0\u00bboff\u00a0\u00bb align=\u00a0\u00bbcenter\u00a0\u00bb force_fullwidth=\u00a0\u00bbon\u00a0\u00bb align_tablet=\u00a0\u00bbcenter\u00a0\u00bb align_last_edited=\u00a0\u00bbon|desktop\u00a0\u00bb _builder_version=\u00a0\u00bb3.23&Prime; animation_style=\u00a0\u00bbfade\u00a0\u00bb border_radii=\u00a0\u00bbon|15px|15px|15px|15px\u00a0\u00bb border_color_bottom=\u00a0\u00bb#b5c594&Prime;][\/et_pb_image][\/et_pb_column][et_pb_column type=\u00a0\u00bb2_3&Prime; _builder_version=\u00a0\u00bb3.25&Prime; custom_padding=\u00a0\u00bb|||\u00a0\u00bb custom_padding__hover=\u00a0\u00bb|||\u00a0\u00bb][et_pb_text ul_type=\u00a0\u00bbsquare\u00a0\u00bb ul_position=\u00a0\u00bbinside\u00a0\u00bb ul_item_indent=\u00a0\u00bb30px\u00a0\u00bb admin_label=\u00a0\u00bbLa Conf\u00e9rence des \u00e9v\u00eaques catholiques du Canada\u00a0\u00bb _builder_version=\u00a0\u00bb3.27.4&Prime; ul_font=\u00a0\u00bb|600|||||||\u00a0\u00bb header_2_line_height=\u00a0\u00bb2em\u00a0\u00bb background_size=\u00a0\u00bbinitial\u00a0\u00bb background_position=\u00a0\u00bbtop_left\u00a0\u00bb background_repeat=\u00a0\u00bbrepeat\u00a0\u00bb border_width_top=\u00a0\u00bb5px\u00a0\u00bb border_color_top=\u00a0\u00bb#999999&Prime;]<\/p>\n<h2><a href=\"http:\/\/www.cccb.ca\/\" target=\"_blank\" rel=\"noopener noreferrer\">La Conf\u00e9rence des \u00e9v\u00eaques catholiques du Canada<\/a><\/h2>\n<p>Pour obtenir plus d\u2019informations sur les Connexions catholiques\u00a0: un r\u00e9seau au service de la justice r\u00e9paratrice, <a href=\"http:\/\/www.ccinrj.ca\/\">cliquez ici<\/a>.<br \/>\n[\/et_pb_text][\/et_pb_column][\/et_pb_row][et_pb_row _builder_version=\u00a0\u00bb3.25&Prime; background_size=\u00a0\u00bbinitial\u00a0\u00bb background_position=\u00a0\u00bbtop_left\u00a0\u00bb background_repeat=\u00a0\u00bbrepeat\u00a0\u00bb custom_margin=\u00a0\u00bb20px||0px|\u00a0\u00bb custom_padding=\u00a0\u00bb0px||20px|\u00a0\u00bb column_structure=\u00a0\u00bb1_3,2_3&Prime;][et_pb_column type=\u00a0\u00bb1_3&Prime; _builder_version=\u00a0\u00bb3.25&Prime; custom_padding=\u00a0\u00bb|||\u00a0\u00bb custom_padding__hover=\u00a0\u00bb|||\u00a0\u00bb][et_pb_image src=\u00a0\u00bbhttp:\/\/ccjc.ca\/wp-content\/uploads\/Evangelical-Lutheran-Church-Logo.png\u00a0\u00bb show_bottom_space=\u00a0\u00bboff\u00a0\u00bb align=\u00a0\u00bbcenter\u00a0\u00bb force_fullwidth=\u00a0\u00bbon\u00a0\u00bb align_tablet=\u00a0\u00bbcenter\u00a0\u00bb align_last_edited=\u00a0\u00bbon|desktop\u00a0\u00bb _builder_version=\u00a0\u00bb3.23&Prime; animation_style=\u00a0\u00bbfade\u00a0\u00bb border_radii=\u00a0\u00bbon|15px|15px|15px|15px\u00a0\u00bb border_color_bottom=\u00a0\u00bb#b5c594&Prime;][\/et_pb_image][\/et_pb_column][et_pb_column type=\u00a0\u00bb2_3&Prime; _builder_version=\u00a0\u00bb3.25&Prime; custom_padding=\u00a0\u00bb|||\u00a0\u00bb custom_padding__hover=\u00a0\u00bb|||\u00a0\u00bb][et_pb_text ul_type=\u00a0\u00bbsquare\u00a0\u00bb ul_position=\u00a0\u00bbinside\u00a0\u00bb ul_item_indent=\u00a0\u00bb30px\u00a0\u00bb admin_label=\u00a0\u00bb\u00c9glise \u00e9vang\u00e9lique luth\u00e9rienne du Canada\u00a0\u00bb _builder_version=\u00a0\u00bb3.27.4&Prime; ul_font=\u00a0\u00bb|600|||||||\u00a0\u00bb header_2_line_height=\u00a0\u00bb2em\u00a0\u00bb background_size=\u00a0\u00bbinitial\u00a0\u00bb background_position=\u00a0\u00bbtop_left\u00a0\u00bb background_repeat=\u00a0\u00bbrepeat\u00a0\u00bb border_width_top=\u00a0\u00bb5px\u00a0\u00bb border_color_top=\u00a0\u00bb#999999&Prime;]<\/p>\n<h2><a href=\"http:\/\/www.elcic.ca\/\" target=\"_blank\" rel=\"noopener noreferrer\">\u00c9glise \u00e9vang\u00e9lique luth\u00e9rienne du Canada<\/a><\/h2>\n<p>Pour obtenir plus d\u2019informations sur la participation de l\u2019EELC dans la justice compatissante, <a href=\"http:\/\/elcic.ca\/CompassionateJustice\/default.cfm\">cliquez ici<\/a>.<br \/>\n[\/et_pb_text][\/et_pb_column][\/et_pb_row][et_pb_row _builder_version=\u00a0\u00bb3.25&Prime; background_size=\u00a0\u00bbinitial\u00a0\u00bb background_position=\u00a0\u00bbtop_left\u00a0\u00bb background_repeat=\u00a0\u00bbrepeat\u00a0\u00bb custom_margin=\u00a0\u00bb20px||0px|\u00a0\u00bb custom_padding=\u00a0\u00bb0px||20px|\u00a0\u00bb column_structure=\u00a0\u00bb1_3,2_3&Prime;][et_pb_column type=\u00a0\u00bb1_3&Prime; _builder_version=\u00a0\u00bb3.25&Prime; custom_padding=\u00a0\u00bb|||\u00a0\u00bb custom_padding__hover=\u00a0\u00bb|||\u00a0\u00bb][et_pb_image src=\u00a0\u00bbhttp:\/\/ccjc.ca\/wp-content\/uploads\/Mennonite-Central-Committee-Logo.png\u00a0\u00bb show_bottom_space=\u00a0\u00bboff\u00a0\u00bb align=\u00a0\u00bbcenter\u00a0\u00bb force_fullwidth=\u00a0\u00bbon\u00a0\u00bb align_tablet=\u00a0\u00bbcenter\u00a0\u00bb align_last_edited=\u00a0\u00bbon|desktop\u00a0\u00bb _builder_version=\u00a0\u00bb3.23&Prime; animation_style=\u00a0\u00bbfade\u00a0\u00bb border_radii=\u00a0\u00bbon|15px|15px|15px|15px\u00a0\u00bb border_color_bottom=\u00a0\u00bb#b5c594&Prime;][\/et_pb_image][\/et_pb_column][et_pb_column type=\u00a0\u00bb2_3&Prime; _builder_version=\u00a0\u00bb3.25&Prime; custom_padding=\u00a0\u00bb|||\u00a0\u00bb custom_padding__hover=\u00a0\u00bb|||\u00a0\u00bb][et_pb_text ul_type=\u00a0\u00bbsquare\u00a0\u00bb ul_position=\u00a0\u00bbinside\u00a0\u00bb ul_item_indent=\u00a0\u00bb30px\u00a0\u00bb admin_label=\u00a0\u00bbComit\u00e9 central mennonite du Canada\u00a0\u00bb _builder_version=\u00a0\u00bb3.27.4&Prime; ul_font=\u00a0\u00bb|600|||||||\u00a0\u00bb header_2_line_height=\u00a0\u00bb2em\u00a0\u00bb background_size=\u00a0\u00bbinitial\u00a0\u00bb background_position=\u00a0\u00bbtop_left\u00a0\u00bb background_repeat=\u00a0\u00bbrepeat\u00a0\u00bb border_width_top=\u00a0\u00bb5px\u00a0\u00bb border_color_top=\u00a0\u00bb#999999&Prime;]<\/p>\n<h2><a href=\"http:\/\/mcc.org\/canada\/\" target=\"_blank\" rel=\"noopener noreferrer\">Comit\u00e9 central mennonite du Canada<\/a><\/h2>\n<p>Pour obtenir plus d\u2019informations sur la participation du CCM Canada dans la justice r\u00e9paratrice, <a href=\"http:\/\/mcccanada.ca\/learn\/what\/restorative-justice\">cliquez ici<\/a>.<br \/>\n[\/et_pb_text][\/et_pb_column][\/et_pb_row][et_pb_row _builder_version=\u00a0\u00bb3.25&Prime; background_size=\u00a0\u00bbinitial\u00a0\u00bb background_position=\u00a0\u00bbtop_left\u00a0\u00bb background_repeat=\u00a0\u00bbrepeat\u00a0\u00bb column_structure=\u00a0\u00bb1_3,2_3&Prime;][et_pb_column type=\u00a0\u00bb1_3&Prime; _builder_version=\u00a0\u00bb3.25&Prime; custom_padding=\u00a0\u00bb|||\u00a0\u00bb custom_padding__hover=\u00a0\u00bb|||\u00a0\u00bb][et_pb_image src=\u00a0\u00bbhttp:\/\/ccjc.ca\/wp-content\/uploads\/Presbyterian-Church-in-Canada-Logo.jpeg\u00a0\u00bb show_bottom_space=\u00a0\u00bboff\u00a0\u00bb align=\u00a0\u00bbcenter\u00a0\u00bb force_fullwidth=\u00a0\u00bbon\u00a0\u00bb align_tablet=\u00a0\u00bbcenter\u00a0\u00bb align_last_edited=\u00a0\u00bbon|desktop\u00a0\u00bb _builder_version=\u00a0\u00bb3.23&Prime; animation_style=\u00a0\u00bbfade\u00a0\u00bb border_radii=\u00a0\u00bbon|15px|15px|15px|15px\u00a0\u00bb border_color_bottom=\u00a0\u00bb#b5c594&Prime;][\/et_pb_image][\/et_pb_column][et_pb_column type=\u00a0\u00bb2_3&Prime; _builder_version=\u00a0\u00bb3.25&Prime; custom_padding=\u00a0\u00bb|||\u00a0\u00bb custom_padding__hover=\u00a0\u00bb|||\u00a0\u00bb][et_pb_text ul_type=\u00a0\u00bbsquare\u00a0\u00bb ul_position=\u00a0\u00bbinside\u00a0\u00bb ul_item_indent=\u00a0\u00bb30px\u00a0\u00bb admin_label=\u00a0\u00bbL\u2019\u00c9glise presbyt\u00e9rienne au Canada\u00a0\u00bb _builder_version=\u00a0\u00bb3.27.4&Prime; ul_font=\u00a0\u00bb|600|||||||\u00a0\u00bb header_2_line_height=\u00a0\u00bb2em\u00a0\u00bb background_size=\u00a0\u00bbinitial\u00a0\u00bb background_position=\u00a0\u00bbtop_left\u00a0\u00bb background_repeat=\u00a0\u00bbrepeat\u00a0\u00bb border_width_top=\u00a0\u00bb5px\u00a0\u00bb border_color_top=\u00a0\u00bb#999999&Prime;]<\/p>\n<h2><a href=\"http:\/\/www.presbyterian.ca\/\" target=\"_blank\" rel=\"noopener noreferrer\">L\u2019\u00c9glise presbyt\u00e9rienne au Canada<\/a><\/h2>\n<p>Pour obtenir plus d\u2019informations sur les minist\u00e8res de justice de l\u2019EPC, <a href=\"http:\/\/presbyterian.ca\/justice\/\">cliquez ici<\/a>.<br \/>\n[\/et_pb_text][\/et_pb_column][\/et_pb_row][et_pb_row _builder_version=\u00a0\u00bb3.25&Prime; background_size=\u00a0\u00bbinitial\u00a0\u00bb background_position=\u00a0\u00bbtop_left\u00a0\u00bb background_repeat=\u00a0\u00bbrepeat\u00a0\u00bb custom_margin=\u00a0\u00bb20px||50px|\u00a0\u00bb custom_padding=\u00a0\u00bb0px||50px|\u00a0\u00bb column_structure=\u00a0\u00bb1_3,2_3&Prime;][et_pb_column type=\u00a0\u00bb1_3&Prime; _builder_version=\u00a0\u00bb3.25&Prime; custom_padding=\u00a0\u00bb|||\u00a0\u00bb custom_padding__hover=\u00a0\u00bb|||\u00a0\u00bb][et_pb_image src=\u00a0\u00bbhttp:\/\/ccjc.ca\/wp-content\/uploads\/The-United-Church-of-Canada-Logo.png\u00a0\u00bb show_bottom_space=\u00a0\u00bboff\u00a0\u00bb align=\u00a0\u00bbcenter\u00a0\u00bb force_fullwidth=\u00a0\u00bbon\u00a0\u00bb align_tablet=\u00a0\u00bbcenter\u00a0\u00bb align_last_edited=\u00a0\u00bbon|desktop\u00a0\u00bb _builder_version=\u00a0\u00bb3.23&Prime; animation_style=\u00a0\u00bbfade\u00a0\u00bb border_radii=\u00a0\u00bbon|15px|15px|15px|15px\u00a0\u00bb border_color_bottom=\u00a0\u00bb#b5c594&Prime;][\/et_pb_image][\/et_pb_column][et_pb_column type=\u00a0\u00bb2_3&Prime; _builder_version=\u00a0\u00bb3.25&Prime; custom_padding=\u00a0\u00bb|||\u00a0\u00bb custom_padding__hover=\u00a0\u00bb|||\u00a0\u00bb][et_pb_text ul_type=\u00a0\u00bbsquare\u00a0\u00bb ul_position=\u00a0\u00bbinside\u00a0\u00bb ul_item_indent=\u00a0\u00bb30px\u00a0\u00bb admin_label=\u00a0\u00bbL\u2019\u00c9glise Unie du Canada\u00a0\u00bb _builder_version=\u00a0\u00bb3.27.4&Prime; ul_font=\u00a0\u00bb|600|||||||\u00a0\u00bb header_2_line_height=\u00a0\u00bb2em\u00a0\u00bb background_size=\u00a0\u00bbinitial\u00a0\u00bb background_position=\u00a0\u00bbtop_left\u00a0\u00bb background_repeat=\u00a0\u00bbrepeat\u00a0\u00bb border_width_top=\u00a0\u00bb5px\u00a0\u00bb border_color_top=\u00a0\u00bb#999999&Prime;]<\/p>\n<h2><a href=\"http:\/\/www.united-church.ca\/\" target=\"_blank\" rel=\"noopener noreferrer\">L\u2019\u00c9glise Unie du Canada<\/a><\/h2>\n<p>Pour obtenir plus d\u2019informations sur la participation de l\u2019EUC dans la justice sociale, cliquez ici.<br \/>\n[\/et_pb_text][\/et_pb_column][\/et_pb_row][\/et_pb_section]<\/p>\n<span class=\"et_bloom_bottom_trigger\"><\/span>","protected":false},"excerpt":{"rendered":"<p>Le Conseil canadien des \u00c9glises et la Conf\u00e9rence des \u00e9v\u00eaques catholiques du Canada ont cofond\u00e9 le Conseil des \u00e9glises pour la justice et la criminologie en 1972. Le CEJC a \u00e9t\u00e9 \u00e9tabli pour rassembler les confessions afin de promouvoir une perspective religieuse de la justice. \u00a0 La plupart de nos confessions s\u2019impliquent \u00e9galement activement dans [&hellip;]<\/p>\n","protected":false},"author":4,"featured_media":0,"parent":0,"menu_order":0,"comment_status":"closed","ping_status":"open","template":"","meta":{"_et_pb_use_builder":"on","_et_pb_old_content":"<p>The Canadian Council of Churches and the Canadian Conference of Catholic Bishops co-founded The Church Council on Justice and Corrections in 1972. CCJC was formed to unite denominations to promote a faith\u00a0view of justice. \u00a0 Many of our denominations are also actively involved in the area of justice. Our ten member denominations listed below appoint the majority of board members. While we consult with our member churches about our objectives, actions, and policies, the CCJC does not represent them or speak for them.<\/p><ul><li><a href=\"http:\/\/www.anglican.ca\/index.htm\" target=\"_blank\" rel=\"noopener\">The Anglican Church of Canada<\/a>:<ul><li>For information about the ACC's work in social justice <a href=\"http:\/\/www.anglican.ca\/relationships\/\">click here<\/a>.<\/li><\/ul><\/li><li><a href=\"http:\/\/www.baptist.ca\/\" target=\"_blank\" rel=\"noopener\">Baptist Convention of Ontario and Quebec<\/a><ul><li>For information about Baptist's work in social justice <a href=\"http:\/\/baptist.ca\/communities\/social-justice\/\">click here.<\/a><\/li><\/ul><\/li><li><a href=\"http:\/\/www.crcna.org\/pages\/index.cfm\" target=\"_blank\" rel=\"noopener\">Christian Reformed Churches of North America<\/a><ul><li>For information about the CRCNA's work in restorative justice <a href=\"http:\/\/www2.crcna.org\/pages\/osj_restorativejustice.cfm\">click here<\/a>.<\/li><\/ul><\/li><li><a href=\"http:\/\/www.disciplesofchrist.ca\/\" target=\"_blank\" rel=\"noopener\">Disciples of Christ in Canada<\/a><ul><li>For information about the Disciples of Christ's work in the area of justice <a href=\"http:\/\/disciples.org\/resources\/justice\/\">click here<\/a>.<\/li><\/ul><\/li><li><a href=\"http:\/\/www.elcic.ca\/\" target=\"_blank\" rel=\"noopener\">Evangelical Lutheran Church in Canada<\/a><ul><li>For information about the ELCC's work in compassionate justice <a href=\"http:\/\/elcic.ca\/CompassionateJustice\/default.cfm\">click here<\/a>.<\/li><\/ul><\/li><li><a href=\"http:\/\/mcc.org\/canada\/\" target=\"_blank\" rel=\"noopener\">Mennonite Central Committee Canada<\/a><ul><li>For information about MCC Canada's work in restorative justice <a href=\"http:\/\/mcccanada.ca\/learn\/what\/restorative-justice\">click here.<\/a><\/li><\/ul><\/li><li><a href=\"http:\/\/www.presbyterian.ca\/\" target=\"_blank\" rel=\"noopener\">The Presbyterian Church in Canada<\/a><ul><li>For information about the PCC's Justice Ministries <a href=\"http:\/\/presbyterian.ca\/justice\/\">click here<\/a>.<\/li><\/ul><\/li><li><a href=\"http:\/\/www.quaker.org\/\" target=\"_blank\" rel=\"noopener\">The Religious Society of Friends (Quakers)<\/a><ul><li>For information about Quakers Fostering Justice <a href=\"http:\/\/quakerservice.ca\/our-work\/justice\/\">click here<\/a>.<\/li><\/ul><\/li><li><a href=\"http:\/\/www.cccb.ca\/\" target=\"_blank\" rel=\"noopener\">Canadian Conference of Catholic Bishops<\/a><ul><li>For information about the Catholic Connections in Restorative Justice <a href=\"http:\/\/www.ccinrj.ca\/\">click here<\/a>.<\/li><\/ul><\/li><li><a href=\"http:\/\/www.united-church.ca\/\" target=\"_blank\" rel=\"noopener\">The United Church of Canada<\/a><ul><li>For information about the UCC's work in social justice <a href=\"http:\/\/www.united-church.ca\/justice\">click here.<\/a><\/li><\/ul><\/li><\/ul>","_et_gb_content_width":"","footnotes":""},"class_list":["post-8331","page","type-page","status-publish","hentry"],"_links":{"self":[{"href":"https:\/\/ccjc.ca\/fr\/wp-json\/wp\/v2\/pages\/8331","targetHints":{"allow":["GET"]}}],"collection":[{"href":"https:\/\/ccjc.ca\/fr\/wp-json\/wp\/v2\/pages"}],"about":[{"href":"https:\/\/ccjc.ca\/fr\/wp-json\/wp\/v2\/types\/page"}],"author":[{"embeddable":true,"href":"https:\/\/ccjc.ca\/fr\/wp-json\/wp\/v2\/users\/4"}],"replies":[{"embeddable":true,"href":"https:\/\/ccjc.ca\/fr\/wp-json\/wp\/v2\/comments?post=8331"}],"version-history":[{"count":5,"href":"https:\/\/ccjc.ca\/fr\/wp-json\/wp\/v2\/pages\/8331\/revisions"}],"predecessor-version":[{"id":10340,"href":"https:\/\/ccjc.ca\/fr\/wp-json\/wp\/v2\/pages\/8331\/revisions\/10340"}],"wp:attachment":[{"href":"https:\/\/ccjc.ca\/fr\/wp-json\/wp\/v2\/media?parent=8331"}],"curies":[{"name":"wp","href":"https:\/\/api.w.org\/{rel}","templated":true}]}}