{"id":8317,"date":"2010-11-18T16:37:03","date_gmt":"2010-11-18T20:37:03","guid":{"rendered":"http:\/\/ccjc.ca\/history\/"},"modified":"2019-09-09T20:21:53","modified_gmt":"2019-09-10T00:21:53","slug":"histoire","status":"publish","type":"page","link":"https:\/\/ccjc.ca\/fr\/histoire\/","title":{"rendered":"HISTOIRE"},"content":{"rendered":"<p>[et_pb_section bb_built=\u00a0\u00bb1&Prime; fullwidth=\u00a0\u00bbon\u00a0\u00bb _builder_version=\u00a0\u00bb3.0.92&Prime; next_background_color=\u00a0\u00bb#000000&Prime;][et_pb_fullwidth_header admin_label=\u00a0\u00bbHISTOIRE\u00a0\u00bb title=\u00a0\u00bbHISTOIRE\u00a0\u00bb text_orientation=\u00a0\u00bbcenter\u00a0\u00bb _builder_version=\u00a0\u00bb3.0.106&Prime; title_font=\u00a0\u00bb|600||on|||||\u00a0\u00bb title_text_align=\u00a0\u00bbcenter\u00a0\u00bb title_text_color=\u00a0\u00bb#ffffff\u00a0\u00bb title_line_height=\u00a0\u00bb1.5em\u00a0\u00bb background_color=\u00a0\u00bb#999999&Prime; background_image=\u00a0\u00bbhttp:\/\/ccjc.ca\/wp-content\/uploads\/leafs-dark.jpeg\u00a0\u00bb background_blend=\u00a0\u00bbmultiply\u00a0\u00bb custom_padding=\u00a0\u00bb25px||25px|\u00a0\u00bb header_fullscreen=\u00a0\u00bboff\u00a0\u00bb header_scroll_down=\u00a0\u00bboff\u00a0\u00bb image_orientation=\u00a0\u00bbcenter\u00a0\u00bb background_layout=\u00a0\u00bblight\u00a0\u00bb content_orientation=\u00a0\u00bbcenter\u00a0\u00bb custom_button_two=\u00a0\u00bboff\u00a0\u00bb button_two_icon_placement=\u00a0\u00bbright\u00a0\u00bb custom_button_one=\u00a0\u00bboff\u00a0\u00bb button_one_icon_placement=\u00a0\u00bbright\u00a0\u00bb \/][\/et_pb_section][et_pb_section bb_built=\u00a0\u00bb1&Prime; _builder_version=\u00a0\u00bb3.0.47&Prime; prev_background_color=\u00a0\u00bb#000000&Prime;][et_pb_row custom_padding=\u00a0\u00bb||0px|\u00a0\u00bb custom_margin=\u00a0\u00bb||0px|\u00a0\u00bb _builder_version=\u00a0\u00bb3.0.92&Prime;][et_pb_column type=\u00a0\u00bb4_4&Prime;][et_pb_text admin_label=\u00a0\u00bbIntro\u00a0\u00bb _builder_version=\u00a0\u00bb3.0.106&Prime; background_layout=\u00a0\u00bblight\u00a0\u00bb]<\/p>\n<p>Le <strong>Conseil des \u00e9glises pour la justice et la criminologie <\/strong>est une coalition nationale \u0153cum\u00e9nique \u00e9tablie en 1972 et comprenant onze \u00e9glises fondatrices. Nous faisons la promotion de la responsabilit\u00e9 communautaire en mati\u00e8re de justice, en mettant l\u2019accent sur les besoins des victimes et des d\u00e9linquants, le respect mutuel, la gu\u00e9rison, la responsabilit\u00e9 individuelle et la pr\u00e9vention du crime. C\u2019est principalement gr\u00e2ce \u00e0 des initiatives d\u2019enseignement et de d\u00e9veloppement communautaire que nous encourageons des collectivit\u00e9s plus saines et la pr\u00e9vention du crime par l\u2019interm\u00e9diaire de la responsabilit\u00e9 sociale. Le CEJC a d\u00e9montr\u00e9 par ses publications, ses projets pilotes et de nombreuses autres initiatives comment renforcer la communaut\u00e9, tout en comprenant que la vraie justice exige la poursuite d\u2019une approche holistique pour tous. Nous travaillons avec des partenaires aussi bien multiconfessionnels que non religieux, et sommes reconnus au niveau international pour nos contributions aux r\u00e9flexions sur la justice p\u00e9nale.<\/p>\n<p>[\/et_pb_text][\/et_pb_column][\/et_pb_row][et_pb_row _builder_version=\u00a0\u00bb3.0.47&Prime; background_size=\u00a0\u00bbinitial\u00a0\u00bb background_position=\u00a0\u00bbtop_left\u00a0\u00bb background_repeat=\u00a0\u00bbrepeat\u00a0\u00bb][et_pb_column type=\u00a0\u00bb4_4&Prime;] <div  class=\"et_pb_module  et_pb_vertical_timeline_0 et_pb_with_border et_animated\">\n\t\t\t\t\t<section id=\"cd-timeline\" class=\"cd-container\">    <div class=\"cd-timeline-block  et_pb_vertical_timeline_item_0\">\n\t\t\t\t\t\t    <div class=\"cd-timeline-img\" style=\"background-color: #ffffff\"><span class=\"et-pb-icon et-pb-icon-circle\" style=\"color: #b5c594\">&#xe082;<\/span><\/div>\n\t\t\t    \n\t\t\t\t\t\t    <div class=\"cd-timeline-content\">\n\t\t\t\t\t\t\t\n\t\t\t\t\t\t\t<div class=\"cd-timeline-content-liner et-waypoint et_pb_animation_fade_in\">\n\t\t\t\t\t\t\t\t<h2>1970<\/h2>\n\t\t\t\t\t\t\t\t<p>Durant les <strong>ann\u00e9es\u00a01970<\/strong>, nous avons distribu\u00e9 \u00e0 plus de 14\u2009000 congr\u00e9gations \u00ab\u2009The Alternatives Kit: A Programme of Community Involvement\u2009\u00bb (La trousse des solutions\u00a0: un programme de participation communautaire). Cette trousse encourageait l\u2019enseignement et la participation communautaires, principalement en vue d\u2019accro\u00eetre la sensibilisation et la compr\u00e9hension de certains probl\u00e8mes de notre syst\u00e8me de justice p\u00e9nale, et d\u2019offrir des solutions potentielles. En outre, le CEJC a jou\u00e9 un r\u00f4le majeur dans la campagne contre la peine de mort au Canada.<\/p>\n\n\t\t\t\t\t\t\t\t\n\t\t\t\t\t\t\t<\/div>\n\t\t\t\t\t\t    <\/div>\n\t\t\t\t\t    <\/div>    <div class=\"cd-timeline-block  et_pb_vertical_timeline_item_1\">\n\t\t\t\t\t\t    <div class=\"cd-timeline-img\" style=\"background-color: #ffffff\"><span class=\"et-pb-icon et-pb-icon-circle\" style=\"color: #b5c594\">&#xe082;<\/span><\/div>\n\t\t\t    \n\t\t\t\t\t\t    <div class=\"cd-timeline-content\">\n\t\t\t\t\t\t\t\n\t\t\t\t\t\t\t<div class=\"cd-timeline-content-liner et-waypoint et_pb_animation_fade_in\">\n\t\t\t\t\t\t\t\t<h2>1980<\/h2>\n\t\t\t\t\t\t\t\t<p>Dans les <strong>ann\u00e9es\u00a01980<\/strong>, le CEJC, ainsi que les Associations nationales int\u00e9ress\u00e9es \u00e0 la justice criminelle, a jou\u00e9 un r\u00f4le d\u00e9terminant dans l\u2019organisation d\u2019une importante conf\u00e9rence sur la r\u00e9conciliation en tant que principe de justice, et la production d\u2019une vid\u00e9o \u00e9ducative intitul\u00e9e \u00ab\u2009Reconciliation: Experiencing Justice\u2009\u00bb (La r\u00e9conciliation\u00a0: \u00e0 la d\u00e9couverte de la justice). Nous avons offert aux communaut\u00e9s des ressources sur diff\u00e9rents enjeux, y compris des publications telles que \u00ab\u2009Dialogue on Crime and Punishment\u2009\u00bb (Dialogue sur le crime et le ch\u00e2timent) et \u00ab\u2009Dialogue on Crime Prevention, Focus on Youth\u2009\u00bb (Dialogue sur la pr\u00e9vention du crime, particuli\u00e8rement chez les jeunes), ainsi que les trousses \u00ab\u2009Family Violence in a Patriarchal Culture\u2009\u00bb (La violence familiale dans une culture patriarcale) et \u00ab\u2009Fire in the Rose\u2009\u00bb (Un incendie dans la rose).<\/p>\n\n\t\t\t\t\t\t\t\t\n\t\t\t\t\t\t\t<\/div>\n\t\t\t\t\t\t    <\/div>\n\t\t\t\t\t    <\/div>    <div class=\"cd-timeline-block  et_pb_vertical_timeline_item_2\">\n\t\t\t\t\t\t    <div class=\"cd-timeline-img\" style=\"background-color: #ffffff\"><span class=\"et-pb-icon et-pb-icon-circle\" style=\"color: #b5c594\">&#xe082;<\/span><\/div>\n\t\t\t    \n\t\t\t\t\t\t    <div class=\"cd-timeline-content\">\n\t\t\t\t\t\t\t\n\t\t\t\t\t\t\t<div class=\"cd-timeline-content-liner et-waypoint et_pb_animation_fade_in\">\n\t\t\t\t\t\t\t\t<h2>1990<\/h2>\n\t\t\t\t\t\t\t\t<p>Au cours des <strong>ann\u00e9es\u00a01990<\/strong>, nous avons continu\u00e9 \u00e0 contribuer \u00e0 l\u2019\u00e9laboration de politiques en participant \u00e0 des consultations sur diverses questions li\u00e9es \u00e0 la justice p\u00e9nale. C\u2019est durant cette d\u00e9cennie que le CEJC a mis en place le projet pilote du <a href=\"http:\/\/www.collaborativejustice.ca\/\">programme de justice collaborative<\/a> qui est maintenant reconnu pour avoir instaur\u00e9 des mesures r\u00e9paratrices en r\u00e9ponse aux crimes graves. Nous avons \u00e9galement publi\u00e9 \u00ab\u2009Personal Empowerment for Stronger Relationships\u2009\u00bb (La responsabilisation personnelle pour des relations plus fortes) et \u00ab\u2009Satisfying Justice\u2009\u00bb (Une vraie justice).<\/p>\n\n\t\t\t\t\t\t\t\t\n\t\t\t\t\t\t\t<\/div>\n\t\t\t\t\t\t    <\/div>\n\t\t\t\t\t    <\/div>    <div class=\"cd-timeline-block  et_pb_vertical_timeline_item_3\">\n\t\t\t\t\t\t    <div class=\"cd-timeline-img\" style=\"background-color: #ffffff\"><span class=\"et-pb-icon et-pb-icon-circle\" style=\"color: #b5c594\">&#xe082;<\/span><\/div>\n\t\t\t    \n\t\t\t\t\t\t    <div class=\"cd-timeline-content\">\n\t\t\t\t\t\t\t\n\t\t\t\t\t\t\t<div class=\"cd-timeline-content-liner et-waypoint et_pb_animation_fade_in\">\n\t\t\t\t\t\t\t\t<h2>2000<\/h2>\n\t\t\t\t\t\t\t\t<p><strong>Au d\u00e9but des ann\u00e9es\u00a02000<\/strong>, nous avons continu\u00e9 \u00e0 remplir notre mission et \u00e0 chercher des moyens cr\u00e9atifs de nous adresser au public, tout en encourageant la participation communautaire en mati\u00e8re de s\u00e9curit\u00e9 publique. Nous avons cr\u00e9\u00e9 le poste de \u00ab\u2009Pr\u00e9sident de r\u00e9flexion communautaire sur la justice\u2009\u00bb afin d\u2019encourager une nouvelle conversation publique sur ce qu\u2019est la justice. Dirig\u00e9e par Lorraine Berzins, cette initiative consid\u00e9rait l\u2019art comme moyen de communiquer avec le public. Nous avons parrain\u00e9 la production de la pi\u00e8ce de th\u00e9\u00e2tre \u00ab\u2009Crime on Broadway\u2009\u00bb (Crime sur Broadway), cr\u00e9\u00e9 le \u00ab\u2009<a href=\"http:\/\/ccjc.ca\/resources-3-2\/\">Justice Storytelling Quilt<\/a>\u2009\u00bb (La courtepointe des r\u00e9cits de la justice) et lanc\u00e9 le projet \u00ab\u2009Arts\u2019 Tools For Justice\u2009\u00bb (Les outils de l\u2019art pour la justice). De plus, nous avons commandit\u00e9 divers forums, et particip\u00e9 \u00e0 des consultations et des r\u00e9formes concernant la Loi sur le syst\u00e8me de justice p\u00e9nale pour les adolescents.<\/p>\n\n\t\t\t\t\t\t\t\t\n\t\t\t\t\t\t\t<\/div>\n\t\t\t\t\t\t    <\/div>\n\t\t\t\t\t    <\/div>    <div class=\"cd-timeline-block  et_pb_vertical_timeline_item_4\">\n\t\t\t\t\t\t    <div class=\"cd-timeline-img\" style=\"background-color: #ffffff\"><span class=\"et-pb-icon et-pb-icon-circle\" style=\"color: #b5c594\">&#xe082;<\/span><\/div>\n\t\t\t    \n\t\t\t\t\t\t    <div class=\"cd-timeline-content\">\n\t\t\t\t\t\t\t\n\t\t\t\t\t\t\t<div class=\"cd-timeline-content-liner et-waypoint et_pb_animation_fade_in\">\n\t\t\t\t\t\t\t\t<h2>2008<\/h2>\n\t\t\t\t\t\t\t\t<p>En 2008, le CEJC a contribu\u00e9 \u00e0 un projet pilote national sur cinq ans pour les <a href=\"http:\/\/ccjc.ca\/current-projects\/\">Cercles de soutien et de responsabilit\u00e9<\/a> (CoSA), visant \u00e0 promouvoir un programme se basant sur les principes de la justice r\u00e9paratrice. Le projet \u00e9tait financ\u00e9 par le Centre national de pr\u00e9vention du crime (CNPC) et les r\u00e9sultats ont fourni des \u00e9l\u00e9ments pr\u00e9cieux au corpus croissant de la recherche internationale sur les programmes CoSA. <a href=\"http:\/\/ccjc.ca\/evaluation-of-cosa-national-demonstration-project\/\">Le rapport complet est maintenant disponible ici.<\/a><\/p>\n\n\t\t\t\t\t\t\t\t\n\t\t\t\t\t\t\t<\/div>\n\t\t\t\t\t\t    <\/div>\n\t\t\t\t\t    <\/div><\/section>\n\t\t\t\t    <\/div>[\/et_pb_column][\/et_pb_row][et_pb_row _builder_version=\u00a0\u00bb3.0.47&Prime; background_size=\u00a0\u00bbinitial\u00a0\u00bb background_position=\u00a0\u00bbtop_left\u00a0\u00bb background_repeat=\u00a0\u00bbrepeat\u00a0\u00bb][et_pb_column type=\u00a0\u00bb4_4&Prime;][et_pb_text admin_label=\u00a0\u00bbInfo\u00a0\u00bb _builder_version=\u00a0\u00bb3.0.106&Prime; background_layout=\u00a0\u00bblight\u00a0\u00bb]<\/p>\n<p>Pour obtenir plus de renseignements sur nos initiatives pass\u00e9es ou actuelles, veuillez SVP consulter la section <a href=\"https:\/\/ccjc.ca\/fr\/projets\/\">Projets<\/a>.<\/p>\n<p>Veuillez SVP vous reporter \u00e0 nos <a href=\"https:\/\/ccjc.ca\/fr\/publications\/\">rapports annuels<\/a> sur notre site Web pour avoir plus d\u2019informations sur nos projets et nos initiatives actuels.<\/p>\n<p>[\/et_pb_text][\/et_pb_column][\/et_pb_row][\/et_pb_section]<\/p>\n<span class=\"et_bloom_bottom_trigger\"><\/span>","protected":false},"excerpt":{"rendered":"<p>Le Conseil des \u00e9glises pour la justice et la criminologie est une coalition nationale \u0153cum\u00e9nique \u00e9tablie en 1972 et comprenant onze \u00e9glises fondatrices. Nous faisons la promotion de la responsabilit\u00e9 communautaire en mati\u00e8re de justice, en mettant l\u2019accent sur les besoins des victimes et des d\u00e9linquants, le respect mutuel, la gu\u00e9rison, la responsabilit\u00e9 individuelle et [&hellip;]<\/p>\n","protected":false},"author":4,"featured_media":0,"parent":0,"menu_order":0,"comment_status":"closed","ping_status":"closed","template":"","meta":{"_et_pb_use_builder":"on","_et_pb_old_content":"<p><a href=\"http:\/\/ccjc.ca\/wp-content\/uploads\/2010\/11\/mandate.jpg\"><img class=\"alignright size-full wp-image-1272\" title=\"candle\" src=\"http:\/\/ccjc.ca\/wp-content\/uploads\/2010\/11\/mandate.jpg\" alt=\"\" width=\"125\" height=\"100\" \/><\/a>The <strong>Church Council on Justice and Corrections (<a href=\"http:\/\/ccjc.ca\/\">ccjc.ca<\/a>)\u00a0<\/strong>is a national faith-based coalition of eleven founding churches incorporated in 1972. We promote community responsibility for justice with an emphasis on addressing the needs of victims and offenders, mutual respect, healing, individual accountability, and crime prevention. It is primarily by education and community development initiatives that we foster healthier communities and crime prevention through social responsibility. CCJC has demonstrated in publications, pilot projects and numerous other initiatives how to strengthen community through its understanding that real justice requires the pursuit of wholeness for all. We work with both multi-faith and non-religious partners and have achieved international recognition for our contributions to creative thinking about criminal justice.<\/p><p>During the\u00a0<strong>1970s<\/strong> we widely distributed the 'Alternatives Kit: A Programme of Community Involvement', to over 14,000 congregations. This kit promoted community education and involvement, primarily designed to increase awareness and understanding about some problems with our criminal justice system and possible solutions.<\/p><p>In the\u00a0<strong>1980's<\/strong>, CCJC played a major role in the campaign against the death penalty in Canada. CCJC also played a leadership role, along with the National Associations Active in Criminal Justice, in hosting a major conference about reconciliation as a principle of justice and producing an educational video titled \"Reconciliation: Experiencing Justice\". We provided communities with resources on different issues, including publications such as 'Dialogue on Crime and Punishment' and 'Dialogue on Crime Prevention, Focus on Youth', the kits \u201c<a href=\"http:\/\/ccjc.ca\/about\/family_violence.pdf\">Family Violence in a Patriarchal Culture<\/a>\u201d and \u201c<a href=\"http:\/\/ccjc.ca\/about\/fire_rose.pdf\">Fire in the Rose<\/a>\u201d.<\/p><p>During the\u00a0<strong>1990's<\/strong>, we continued to contribute to policy making by participating in consultations on various ciminal justice issues. It was during this decade that CCJC implemented the pilot\u00a0<a href=\"http:\/\/www.collaborativejustice.ca\/\">Collaborative Justice Program<\/a>, which is now recognized for pioneering restorative responses to serious crime. We also published \u201cPersonal Empowerment for Stronger Relationships\u201d and \u201c<a href=\"http:\/\/www.csc-scc.gc.ca\/text\/pblct\/stisfy\/juste.pdf\">Satisfying Justice<\/a>\u201d.<\/p><p><strong>During the early 2000's<\/strong> we continued to fulfill our mission and to search for creative ways to reach out to the public, encouraging community involvement in matters of public safety. We created the position \u201cCommunity Chair of Justice\u201d to foster a new public conversation about what justice is. Staffed by Lorraine Berzins, this initiative included emphasizing art as a means to communicate with the public. We sponsored the production of the theatrical play \u201c<a href=\"http:\/\/ccjc.ca\/about\/crime_broadway.pdf\">Crime on Broadway<\/a>\u201d, created the \u201c<a href=\"http:\/\/ccjc.ca\/resources-3-2\/\">Justice Storytelling Quilt<\/a>\u201d and initiated the project \u201cArts\u2019 Tools For Justice\u201d. In addition, we sponsored various forums and continued to participate in consultations, as well as reforms to the Youth Criminal Justice Act.<\/p><p><iframe src=\"https:\/\/biteable.com\/watch\/embed\/advertising-1-1669927\/73890463931ee4ff0c7abb1d880f2ecc5b113eb8\" width=\"560\" height=\"315\" frameborder=\"0\" allowfullscreen=\"allowfullscreen\"><\/iframe><\/p><p>\u00a0<\/p><p>In a 2008 CCJC became involved in a five year\u00a0<a href=\"http:\/\/ccjc.ca\/current-projects\/\">National Demonstration Project for Circles of Support and Accountability <\/a>(CoSA), seeking to promote this program that is based on restorative justice principles. \u00a0The project was funded by the National Crime Prevention Centre (NCPC), and the resulting evaluation provided a valuable addition to the growing body of international research on CoSA programs. \u00a0<a href=\"http:\/\/ccjc.ca\/evaluation-of-cosa-national-demonstration-project\/\">The full report is now available here.<\/a><\/p><p>For more information on any of our past or current initiatives, or to inquire about CCJC publications and resources, please contact us at 613-563-1688 x 105, or by email at\u00a0<a href=\"mailto: info@ccjc.ca\">info@ccjc.ca<\/a>.<\/p><p>Please refer to our\u00a0<a href=\"http:\/\/ccjc.ca\/publications\/\">Annual Reports<\/a> on our website for detailed information on current projects and initiatives.<\/p>","_et_gb_content_width":"","footnotes":""},"class_list":["post-8317","page","type-page","status-publish","hentry"],"_links":{"self":[{"href":"https:\/\/ccjc.ca\/fr\/wp-json\/wp\/v2\/pages\/8317","targetHints":{"allow":["GET"]}}],"collection":[{"href":"https:\/\/ccjc.ca\/fr\/wp-json\/wp\/v2\/pages"}],"about":[{"href":"https:\/\/ccjc.ca\/fr\/wp-json\/wp\/v2\/types\/page"}],"author":[{"embeddable":true,"href":"https:\/\/ccjc.ca\/fr\/wp-json\/wp\/v2\/users\/4"}],"replies":[{"embeddable":true,"href":"https:\/\/ccjc.ca\/fr\/wp-json\/wp\/v2\/comments?post=8317"}],"version-history":[{"count":5,"href":"https:\/\/ccjc.ca\/fr\/wp-json\/wp\/v2\/pages\/8317\/revisions"}],"predecessor-version":[{"id":9407,"href":"https:\/\/ccjc.ca\/fr\/wp-json\/wp\/v2\/pages\/8317\/revisions\/9407"}],"wp:attachment":[{"href":"https:\/\/ccjc.ca\/fr\/wp-json\/wp\/v2\/media?parent=8317"}],"curies":[{"name":"wp","href":"https:\/\/api.w.org\/{rel}","templated":true}]}}