{"id":8300,"date":"2012-08-13T17:37:23","date_gmt":"2012-08-13T17:37:23","guid":{"rendered":"http:\/\/ccjc.ca\/stay-informed\/"},"modified":"2018-03-26T15:28:14","modified_gmt":"2018-03-26T19:28:14","slug":"se-tenir-au-courant","status":"publish","type":"page","link":"https:\/\/ccjc.ca\/fr\/se-tenir-au-courant\/","title":{"rendered":"Se Tenir Au Courant"},"content":{"rendered":"<p>[et_pb_section bb_built=\u00a0\u00bb1&Prime; fullwidth=\u00a0\u00bbon\u00a0\u00bb _builder_version=\u00a0\u00bb3.0.95&Prime; next_background_color=\u00a0\u00bb#000000&Prime;][et_pb_fullwidth_header admin_label=\u00a0\u00bbSe Tenir Au Courant\u00a0\u00bb title=\u00a0\u00bbSe Tenir Au Courant\u00a0\u00bb text_orientation=\u00a0\u00bbcenter\u00a0\u00bb _builder_version=\u00a0\u00bb3.0.106&Prime; title_font=\u00a0\u00bb|600||on|||||\u00a0\u00bb title_text_align=\u00a0\u00bbcenter\u00a0\u00bb title_text_color=\u00a0\u00bb#ffffff\u00a0\u00bb title_line_height=\u00a0\u00bb1.5em\u00a0\u00bb background_color=\u00a0\u00bb#999999&Prime; background_image=\u00a0\u00bbhttp:\/\/ccjc.ca\/wp-content\/uploads\/leafs-dark.jpeg\u00a0\u00bb background_blend=\u00a0\u00bbmultiply\u00a0\u00bb custom_padding=\u00a0\u00bb25px||25px|\u00a0\u00bb header_fullscreen=\u00a0\u00bboff\u00a0\u00bb header_scroll_down=\u00a0\u00bboff\u00a0\u00bb image_orientation=\u00a0\u00bbcenter\u00a0\u00bb background_layout=\u00a0\u00bblight\u00a0\u00bb content_orientation=\u00a0\u00bbcenter\u00a0\u00bb custom_button_two=\u00a0\u00bboff\u00a0\u00bb button_two_icon_placement=\u00a0\u00bbright\u00a0\u00bb custom_button_one=\u00a0\u00bboff\u00a0\u00bb button_one_icon_placement=\u00a0\u00bbright\u00a0\u00bb \/][\/et_pb_section][et_pb_section bb_built=\u00a0\u00bb1&Prime; _builder_version=\u00a0\u00bb3.0.47&Prime; prev_background_color=\u00a0\u00bb#000000&Prime;][et_pb_row _builder_version=\u00a0\u00bb3.0.47&Prime; background_size=\u00a0\u00bbinitial\u00a0\u00bb background_position=\u00a0\u00bbtop_left\u00a0\u00bb background_repeat=\u00a0\u00bbrepeat\u00a0\u00bb][et_pb_column type=\u00a0\u00bb2_3&Prime;][et_pb_text _builder_version=\u00a0\u00bb3.0.106&Prime; background_size=\u00a0\u00bbinitial\u00a0\u00bb background_position=\u00a0\u00bbtop_left\u00a0\u00bb background_repeat=\u00a0\u00bbrepeat\u00a0\u00bb custom_margin=\u00a0\u00bb||0px|\u00a0\u00bb custom_padding=\u00a0\u00bb||0px|\u00a0\u00bb background_layout=\u00a0\u00bblight\u00a0\u00bb]<\/p>\n<p>Nous sommes heureux que vous vouliez vous tenir au courant du travail du Conseil des \u00e9glises pour la justice et la criminologie\u2009! En entrant votre adresse courriel ci-dessous, vous acceptez de recevoir r\u00e9guli\u00e8rement des courriels du CEJC concernant nos publications, nos actualit\u00e9s et nos \u00e9v\u00e9nements sp\u00e9ciaux. Nous envoyons environ une dizaine de courriels par an. Vous pouvez vous d\u00e9sabonner \u00e0 tout moment en cliquant sur \u00ab\u2009Se d\u00e9sabonner\u2009\u00bb au bas de chaque courriel que vous recevez du CEJC. Si vous avez des questions concernant nos communications, veuillez SVP contacter le CEJC \u00e0 <a href=\"mailto:info@ccjc.ca\">Info@ccjc.ca<\/a>.<\/p>\n<p>[\/et_pb_text][et_pb_code admin_label=\u00a0\u00bbBloom Code\u00a0\u00bb _builder_version=\u00a0\u00bb3.0.106&Prime; custom_margin=\u00a0\u00bb0px|||\u00a0\u00bb custom_padding=\u00a0\u00bb0px|||\u00a0\u00bb]<div class=\"et_bloom_inline_form et_bloom_optin et_bloom_make_form_visible et_bloom_optin_3 et_bloom_hide_mobile_optin\" style=\"display: none;\">\n\t\t\t\t<style type=\"text\/css\">.et_bloom .et_bloom_optin_3 .et_bloom_form_content { background-color: #ffffff !important; } .et_bloom .et_bloom_optin_3 .et_bloom_form_container .et_bloom_form_header { background-color: #ffffff !important; } .et_bloom .et_bloom_optin_3 .et_bloom_form_content button { background-color: #b5c594 !important; } .et_bloom .et_bloom_optin_3 .et_bloom_form_content .et_bloom_fields i { color: #b5c594 !important; } .et_bloom .et_bloom_optin_3 .et_bloom_form_content .et_bloom_custom_field_radio i:before { background: #b5c594 !important; } .et_bloom .et_bloom_optin_3 .et_bloom_form_content button { background-color: #b5c594 !important; } .et_bloom .et_bloom_optin_3 .et_bloom_form_container h2, .et_bloom .et_bloom_optin_3 .et_bloom_form_container h2 span, .et_bloom .et_bloom_optin_3 .et_bloom_form_container h2 strong { font-family: \"Open Sans\", Helvetica, Arial, Lucida, sans-serif; }.et_bloom .et_bloom_optin_3 .et_bloom_form_container p, .et_bloom .et_bloom_optin_3 .et_bloom_form_container p span, .et_bloom .et_bloom_optin_3 .et_bloom_form_container p strong, .et_bloom .et_bloom_optin_3 .et_bloom_form_container form input, .et_bloom .et_bloom_optin_3 .et_bloom_form_container form button span { font-family: \"Open Sans\", Helvetica, Arial, Lucida, sans-serif; } .et_bloom .et_bloom_optin_3 .et_bloom_form_container .et_bloom_form_header { display: none; } .et_bloom .et_bloom_form_container .et_bloom_form_content .et_bloom_popup_input input { border: 1px solid #333; }<\/style>\n\t\t\t\t<div class=\"et_bloom_form_container  et_bloom_rounded_corners et_bloom_rounded et_bloom_form_text_dark et_bloom_form_bottom et_bloom_inline_3_fields\">\n\t\t\t\t\t\n\t\t\t<div class=\"et_bloom_form_container_wrapper clearfix\">\n\t\t\t\t<div class=\"et_bloom_header_outer\">\n\t\t\t\t\t<div class=\"et_bloom_form_header et_bloom_header_text_light\">\n\t\t\t\t\t\t\n\t\t\t\t\t\t<div class=\"et_bloom_form_text\">\n\t\t\t\t\t\t<h2>\u00a0<\/h2>\n\t\t\t\t\t<\/div>\n\t\t\t\t\t\t\n\t\t\t\t\t<\/div>\n\t\t\t\t<\/div>\n\t\t\t\t<div class=\"et_bloom_form_content et_bloom_3_fields et_bloom_bottom_stacked\">\n\t\t\t\t\t\n\t\t\t\t\t\n\t\t\t\t\t<form method=\"post\" class=\"clearfix\">\n\t\t\t\t\t\t<div class=\"et_bloom_fields\">\n\t\t\t\t\t\t\t<p class=\"et_bloom_popup_input et_bloom_subscribe_name\">\n\t\t\t\t\t\t\t\t<input placeholder=\"Pr\u00e9nom\" maxlength=\"50\">\n\t\t\t\t\t\t\t<\/p>\n\t\t\t\t\t\t\t\t\t<p class=\"et_bloom_popup_input et_bloom_subscribe_last\">\n\t\t\t\t\t\t\t\t\t\t<input placeholder=\"Nom de Famille\" maxlength=\"50\">\n\t\t\t\t\t\t\t\t\t<\/p>\n\t\t\t\t\t\t\t<p class=\"et_bloom_popup_input et_bloom_subscribe_email\">\n\t\t\t\t\t\t\t\t<input placeholder=\"Courriel\">\n\t\t\t\t\t\t\t<\/p>\n\t\t\t\t\t\t\t\n\t\t\t\t\t\t\t<button data-optin_id=\"optin_3\" data-service=\"constant_contact\" data-list_id=\"62\" data-page_id=\"8300\" data-account=\"ccjccanada\" data-ip_address=\"false\" class=\"et_bloom_submit_subscription\">\n\t\t\t\t\t\t\t\t<span class=\"et_bloom_subscribe_loader\"><\/span>\n\t\t\t\t\t\t\t\t<span class=\"et_bloom_button_text et_bloom_button_text_color_dark\">Souscrire!<\/span>\n\t\t\t\t\t\t\t<\/button>\n\t\t\t\t\t\t<\/div>\n\t\t\t\t\t<\/form>\n\t\t\t\t\t<div class=\"et_bloom_success_container\">\n\t\t\t\t\t\t<span class=\"et_bloom_success_checkmark\"><\/span>\n\t\t\t\t\t<\/div>\n\t\t\t\t\t<h2 class=\"et_bloom_success_message\">Vous avez \u00e9t\u00e9 enregistr\u00e9 avec succ\u00e8s!<\/h2>\n\t\t\t\t\t\n\t\t\t\t<\/div>\n\t\t\t<\/div>\n\t\t\t<span class=\"et_bloom_close_button\"><\/span>\n\t\t\t\t<\/div>\n\t\t\t<\/div>[\/et_pb_code][\/et_pb_column][et_pb_column type=\u00a0\u00bb1_3&Prime;][et_pb_image src=\u00a0\u00bbhttp:\/\/ccjc.ca\/wp-content\/uploads\/heart-trees.jpeg\u00a0\u00bb _builder_version=\u00a0\u00bb3.0.98&Prime; border_radii=\u00a0\u00bb|10px|0px|10px|0px\u00a0\u00bb box_shadow_style=\u00a0\u00bbpreset3&Prime;]<\/p>\n<p>&nbsp;<\/p>\n<p>[\/et_pb_image][\/et_pb_column][\/et_pb_row][\/et_pb_section]<\/p>\n<span class=\"et_bloom_bottom_trigger\"><\/span>","protected":false},"excerpt":{"rendered":"<p>Nous sommes heureux que vous vouliez vous tenir au courant du travail du Conseil des \u00e9glises pour la justice et la criminologie\u2009! En entrant votre adresse courriel ci-dessous, vous acceptez de recevoir r\u00e9guli\u00e8rement des courriels du CEJC concernant nos publications, nos actualit\u00e9s et nos \u00e9v\u00e9nements sp\u00e9ciaux. Nous envoyons environ une dizaine de courriels par an. [&hellip;]<\/p>\n","protected":false},"author":4,"featured_media":0,"parent":0,"menu_order":0,"comment_status":"closed","ping_status":"closed","template":"","meta":{"_et_pb_use_builder":"on","_et_pb_old_content":"<p>We are pleased that you\u2019re interested in staying informed about the work of the Church Council on Justice and Corrections!<br \/>By entering your email address below, you are consenting to receive periodic emails from CCJC regarding our publications, news, and special events. We send about ten emails per year. You are free to unsubscribe at any time by clicking \u201cunsubscribe\u201d at the footer of any email you receive from CCJC. If you have any questions about our communications, please contact CCJC at <a href=\"mailto:info@ccjc.ca\">info@ccjc.ca<\/a>.<\/p>","_et_gb_content_width":"","footnotes":""},"class_list":["post-8300","page","type-page","status-publish","hentry"],"_links":{"self":[{"href":"https:\/\/ccjc.ca\/fr\/wp-json\/wp\/v2\/pages\/8300","targetHints":{"allow":["GET"]}}],"collection":[{"href":"https:\/\/ccjc.ca\/fr\/wp-json\/wp\/v2\/pages"}],"about":[{"href":"https:\/\/ccjc.ca\/fr\/wp-json\/wp\/v2\/types\/page"}],"author":[{"embeddable":true,"href":"https:\/\/ccjc.ca\/fr\/wp-json\/wp\/v2\/users\/4"}],"replies":[{"embeddable":true,"href":"https:\/\/ccjc.ca\/fr\/wp-json\/wp\/v2\/comments?post=8300"}],"version-history":[{"count":4,"href":"https:\/\/ccjc.ca\/fr\/wp-json\/wp\/v2\/pages\/8300\/revisions"}],"predecessor-version":[{"id":8305,"href":"https:\/\/ccjc.ca\/fr\/wp-json\/wp\/v2\/pages\/8300\/revisions\/8305"}],"wp:attachment":[{"href":"https:\/\/ccjc.ca\/fr\/wp-json\/wp\/v2\/media?parent=8300"}],"curies":[{"name":"wp","href":"https:\/\/api.w.org\/{rel}","templated":true}]}}