{"id":8293,"date":"2018-03-26T15:10:26","date_gmt":"2018-03-26T19:10:26","guid":{"rendered":"http:\/\/ccjc.ca\/?page_id=8293"},"modified":"2018-03-26T15:10:26","modified_gmt":"2018-03-26T19:10:26","slug":"faire-un-don","status":"publish","type":"page","link":"https:\/\/ccjc.ca\/fr\/faire-un-don\/","title":{"rendered":"Faire un don"},"content":{"rendered":"<p>[et_pb_section bb_built=\u00a0\u00bb1&Prime; fullwidth=\u00a0\u00bbon\u00a0\u00bb _builder_version=\u00a0\u00bb3.0.95&Prime; next_background_color=\u00a0\u00bb#000000&Prime;][et_pb_fullwidth_header admin_label=\u00a0\u00bbFaire un don\u00a0\u00bb title=\u00a0\u00bbFaire un don\u00a0\u00bb text_orientation=\u00a0\u00bbcenter\u00a0\u00bb _builder_version=\u00a0\u00bb3.0.106&Prime; title_font=\u00a0\u00bb|600||on|||||\u00a0\u00bb title_text_align=\u00a0\u00bbcenter\u00a0\u00bb title_text_color=\u00a0\u00bb#ffffff\u00a0\u00bb title_line_height=\u00a0\u00bb1.5em\u00a0\u00bb background_color=\u00a0\u00bb#999999&Prime; background_image=\u00a0\u00bbhttp:\/\/ccjc.ca\/wp-content\/uploads\/leafs-dark.jpeg\u00a0\u00bb background_blend=\u00a0\u00bbmultiply\u00a0\u00bb custom_padding=\u00a0\u00bb25px||25px|\u00a0\u00bb header_fullscreen=\u00a0\u00bboff\u00a0\u00bb header_scroll_down=\u00a0\u00bboff\u00a0\u00bb image_orientation=\u00a0\u00bbcenter\u00a0\u00bb background_layout=\u00a0\u00bblight\u00a0\u00bb content_orientation=\u00a0\u00bbcenter\u00a0\u00bb custom_button_two=\u00a0\u00bboff\u00a0\u00bb button_two_icon_placement=\u00a0\u00bbright\u00a0\u00bb custom_button_one=\u00a0\u00bboff\u00a0\u00bb button_one_icon_placement=\u00a0\u00bbright\u00a0\u00bb \/][\/et_pb_section][et_pb_section bb_built=\u00a0\u00bb1&Prime; _builder_version=\u00a0\u00bb3.0.47&Prime; prev_background_color=\u00a0\u00bb#000000&Prime;][et_pb_row _builder_version=\u00a0\u00bb3.0.47&Prime; background_size=\u00a0\u00bbinitial\u00a0\u00bb background_position=\u00a0\u00bbtop_left\u00a0\u00bb background_repeat=\u00a0\u00bbrepeat\u00a0\u00bb][et_pb_column type=\u00a0\u00bb2_3&Prime;][et_pb_text _builder_version=\u00a0\u00bb3.0.106&Prime; background_layout=\u00a0\u00bblight\u00a0\u00bb]<\/p>\n<p>L\u2019aide des donateurs et des membres joue un r\u00f4le essentiel dans la capacit\u00e9 du CEJC \u00e0 rapprocher les communaut\u00e9s afin d\u2019encourager des approches r\u00e9paratrices en mati\u00e8re de justice. Votre don soutient les initiatives d\u2019\u00e9ducation, de d\u00e9fense et de d\u00e9veloppement communautaire qui favorisent des collectivit\u00e9s plus saines et la pr\u00e9vention du crime par le biais de la responsabilit\u00e9 sociale. (Pour savoir comment devenir membre du CEJC, <a href=\"https:\/\/ccjc.ca\/fr\/devenir-membre\/\">cliquez ici)<\/a><\/p>\n<p>Vous pouvez faire un don en ligne au CEJC par le biais de <a href=\"https:\/\/www.canadahelps.org\/fr\/organismesdebienfaisance\/the-church-council-on-justice-and-corrections\/\">CanaDon<\/a>. Veuillez SVP chercher le <strong>\u00ab\u2009Conseil des \u00e9glises pour la justice et la criminologie\u2009\u00bb<\/strong> et cliquer sur <strong>\u00ab\u2009Faites un don\u2009\u00bb<\/strong>. Vous recevrez un re\u00e7u \u00e9lectronique de CanaDon que vous pourrez utiliser lors de votre d\u00e9claration fiscale.<\/p>\n<p>Si vous pr\u00e9f\u00e9rez, nous acceptons aussi les dons par la poste. Veuillez SVP envoyer un ch\u00e8que du montant de votre don (\u00e0 l\u2019ordre du Conseil des \u00e9glises pour la justice et la criminologie) \u00e0 notre bureau \u00e0 Ottawa. Nous vous enverrons un re\u00e7u officiel apr\u00e8s avoir trait\u00e9 votre don.<\/p>\n<p>Notre adresse est la suivante\u00a0:<\/p>\n<p><strong>Le Conseil des \u00e9glises pour la justice et la criminologie<\/strong><strong><br \/>\n223, rue Main<br \/>\nOttawa (Ontario)<br \/>\nK1S 1C4<\/strong><\/p>\n<p>[\/et_pb_text][\/et_pb_column][et_pb_column type=\u00a0\u00bb1_3&Prime;][et_pb_image src=\u00a0\u00bbhttp:\/\/ccjc.ca\/wp-content\/uploads\/justice-hammer.jpeg\u00a0\u00bb _builder_version=\u00a0\u00bb3.0.98&Prime; border_radii=\u00a0\u00bb|10px||10px|\u00a0\u00bb box_shadow_style=\u00a0\u00bbpreset3&Prime;]<br \/>\n[\/et_pb_image][\/et_pb_column][\/et_pb_row][\/et_pb_section]<\/p>\n<span class=\"et_bloom_bottom_trigger\"><\/span>","protected":false},"excerpt":{"rendered":"<p>L\u2019aide des donateurs et des membres joue un r\u00f4le essentiel dans la capacit\u00e9 du CEJC \u00e0 rapprocher les communaut\u00e9s afin d\u2019encourager des approches r\u00e9paratrices en mati\u00e8re de justice. Votre don soutient les initiatives d\u2019\u00e9ducation, de d\u00e9fense et de d\u00e9veloppement communautaire qui favorisent des collectivit\u00e9s plus saines et la pr\u00e9vention du crime par le biais de [&hellip;]<\/p>\n","protected":false},"author":4,"featured_media":0,"parent":0,"menu_order":0,"comment_status":"closed","ping_status":"closed","template":"","meta":{"_et_pb_use_builder":"on","_et_pb_old_content":"<p><span style=\"font-size: large;\">Donor and member support plays an important role in CCJC\u2019s ability to bring communities together to foster restorative approaches to justice. \u00a0Your donation supports education, advocacy and community development initiatives that foster healthier communities and crime prevention through social responsibility. (To learn about becoming a member of CCJC, <a href=\"http:\/\/ccjc.ca\/members\">click here)<\/a>.<\/span><\/p><p><span style=\"font-size: large; line-height: 19px;\">You may make a charitable donation to the CCJC on-line through <a href=\"http:\/\/canadahelps.org\">Canada Helps<\/a>. Please search for '<strong>Church Council on Justice and Corrections'<\/strong> and click <strong>\u2018Donate Now\u2019<\/strong>. You will receive an e-receipt from Canada Helps which you can use for tax return purposes.<\/span><\/p><p><span style=\"font-size: large;\">If you prefer, we also welcome donations sent by mail. \u00a0Please send a cheque for the amount of your donation (payable to the Church Council on Justice and Corrections)\u00a0to our office in Ottawa. \u00a0We will send you a tax receipt after processing the donation. \u00a0<\/span><\/p><p><span style=\"font-size: large;\">Our address is:<\/span><\/p><p>\u00a0<\/p><p style=\"text-align: center;\">The Church Council on Justice and Corrections<\/p><p style=\"text-align: center;\">200 Isabella Street, Suite 303<\/p><p style=\"text-align: center;\">Ottawa ON K1S 1V7\u00a0<\/p><p>\u00a0<\/p>","_et_gb_content_width":"","footnotes":""},"class_list":["post-8293","page","type-page","status-publish","hentry"],"_links":{"self":[{"href":"https:\/\/ccjc.ca\/fr\/wp-json\/wp\/v2\/pages\/8293","targetHints":{"allow":["GET"]}}],"collection":[{"href":"https:\/\/ccjc.ca\/fr\/wp-json\/wp\/v2\/pages"}],"about":[{"href":"https:\/\/ccjc.ca\/fr\/wp-json\/wp\/v2\/types\/page"}],"author":[{"embeddable":true,"href":"https:\/\/ccjc.ca\/fr\/wp-json\/wp\/v2\/users\/4"}],"replies":[{"embeddable":true,"href":"https:\/\/ccjc.ca\/fr\/wp-json\/wp\/v2\/comments?post=8293"}],"version-history":[{"count":3,"href":"https:\/\/ccjc.ca\/fr\/wp-json\/wp\/v2\/pages\/8293\/revisions"}],"predecessor-version":[{"id":8296,"href":"https:\/\/ccjc.ca\/fr\/wp-json\/wp\/v2\/pages\/8293\/revisions\/8296"}],"wp:attachment":[{"href":"https:\/\/ccjc.ca\/fr\/wp-json\/wp\/v2\/media?parent=8293"}],"curies":[{"name":"wp","href":"https:\/\/api.w.org\/{rel}","templated":true}]}}